{"id":43,"date":"2024-01-11T21:50:49","date_gmt":"2024-01-11T21:50:49","guid":{"rendered":"http:\/\/localhost:10076\/?page_id=43"},"modified":"2026-03-21T13:39:34","modified_gmt":"2026-03-21T13:39:34","slug":"contact","status":"publish","type":"page","link":"https:\/\/3riverstherapy.com\/es\/contact\/","title":{"rendered":"Contacto"},"content":{"rendered":"<div data-elementor-type=\"wp-page\" data-elementor-id=\"43\" class=\"elementor elementor-43\" data-elementor-post-type=\"page\">\n\t\t\t\t<div class=\"elementor-element elementor-element-052e115 e-flex e-con-boxed e-con e-parent\" data-id=\"052e115\" data-element_type=\"container\" data-e-type=\"container\">\n\t\t\t\t\t<div class=\"e-con-inner\">\n\t\t<div class=\"elementor-element elementor-element-78515d8 e-con-full e-flex e-con e-child\" data-id=\"78515d8\" data-element_type=\"container\" data-e-type=\"container\">\n\t\t\t\t<div class=\"elementor-element elementor-element-976842e elementor-widget elementor-widget-image\" data-id=\"976842e\" data-element_type=\"widget\" data-e-type=\"widget\" data-widget_type=\"image.default\">\n\t\t\t\t<div class=\"elementor-widget-container\">\n\t\t\t\t\t\t\t\t\t\t\t\t\t\t\t<img fetchpriority=\"high\" decoding=\"async\" width=\"768\" height=\"573\" src=\"https:\/\/3riverstherapy.com\/wp-content\/uploads\/2026\/02\/1737-1-768x573.jpg\" class=\"attachment-medium_large size-medium_large wp-image-1519\" alt=\"Servicios de terapia y asesoramiento en salud mental en 3 Rivers Therapy, Kennewick, WA\" srcset=\"https:\/\/3riverstherapy.com\/wp-content\/uploads\/2026\/02\/1737-1-768x573.jpg 768w, https:\/\/3riverstherapy.com\/wp-content\/uploads\/2026\/02\/1737-1-300x224.jpg 300w, https:\/\/3riverstherapy.com\/wp-content\/uploads\/2026\/02\/1737-1.jpg 894w\" sizes=\"(max-width: 768px) 100vw, 768px\" \/>\t\t\t\t\t\t\t\t\t\t\t\t\t\t\t<\/div>\n\t\t\t\t<\/div>\n\t\t\t\t<\/div>\n\t\t<div class=\"elementor-element elementor-element-4d924a6 e-con-full e-flex e-con e-child\" data-id=\"4d924a6\" data-element_type=\"container\" data-e-type=\"container\">\n\t\t\t\t<div class=\"elementor-element elementor-element-f362f70 elementor-widget elementor-widget-heading\" data-id=\"f362f70\" data-element_type=\"widget\" data-e-type=\"widget\" data-widget_type=\"heading.default\">\n\t\t\t\t<div class=\"elementor-widget-container\">\n\t\t\t\t\t<h1 class=\"elementor-heading-title elementor-size-default\">Esperamos poder ponernos en contacto con usted.<\/h1>\t\t\t\t<\/div>\n\t\t\t\t<\/div>\n\t\t\t\t<div class=\"elementor-element elementor-element-b938a57 elementor-widget elementor-widget-text-editor\" data-id=\"b938a57\" data-element_type=\"widget\" data-e-type=\"widget\" data-widget_type=\"text-editor.default\">\n\t\t\t\t<div class=\"elementor-widget-container\">\n\t\t\t\t\t\t\t\t\tEn Three Rivers Therapy, le animamos a que se ponga en contacto con nosotros directamente para programar una cita o inscribirse en uno de nuestros programas. Nuestro personal, amable y experimentado, est\u00e1 aqu\u00ed para ayudarle en cada paso del camino. Tanto si busca terapia individual, asesoramiento grupal o programas de tratamiento especializados, ofrecemos una gama de servicios adaptados a sus necesidades espec\u00edficas. Al ponerse en contacto con nosotros directamente, podr\u00e1 hablar con un miembro de nuestro equipo que le guiar\u00e1 a lo largo del proceso y responder\u00e1 a cualquier pregunta que pueda tener.\n\t\t\t\t\t\t\t\t<\/div>\n\t\t\t\t<\/div>\n\t\t\t\t<div class=\"elementor-element elementor-element-c58265e elementor-widget elementor-widget-text-editor\" data-id=\"c58265e\" data-element_type=\"widget\" data-e-type=\"widget\" data-widget_type=\"text-editor.default\">\n\t\t\t\t<div class=\"elementor-widget-container\">\n\t\t\t\t\t\t\t\t\tEntendemos la importancia de acceder a la atenci\u00f3n m\u00e9dica de manera oportuna y nos esforzamos por que el proceso de programaci\u00f3n y afiliaci\u00f3n sea lo m\u00e1s sencillo posible.\n\n\t\t\t\t\t\t\t\t<\/div>\n\t\t\t\t<\/div>\n\t\t\t\t<div class=\"elementor-element elementor-element-bb5a574 elementor-widget elementor-widget-text-editor\" data-id=\"bb5a574\" data-element_type=\"widget\" data-e-type=\"widget\" data-widget_type=\"text-editor.default\">\n\t\t\t\t<div class=\"elementor-widget-container\">\n\t\t\t\t\t\t\t\t\tDa el primer paso para mejorar tu salud mental y tu bienestar contact\u00e1ndonos hoy mismo.\t\t\t\t\t\t\t\t<\/div>\n\t\t\t\t<\/div>\n\t\t\t\t<div class=\"elementor-element elementor-element-9ce1699 elementor-mobile-align-left elementor-widget elementor-widget-button\" data-id=\"9ce1699\" data-element_type=\"widget\" data-e-type=\"widget\" data-settings=\"{&quot;_animation_mobile&quot;:&quot;fadeInDown&quot;}\" data-widget_type=\"button.default\">\n\t\t\t\t<div class=\"elementor-widget-container\">\n\t\t\t\t\t\t\t\t\t<div class=\"elementor-button-wrapper\">\n\t\t\t\t\t<a class=\"elementor-button elementor-button-link elementor-size-sm\" href=\"tel:509-378-5553%20\">\n\t\t\t\t\t\t<span class=\"elementor-button-content-wrapper\">\n\t\t\t\t\t\t<span class=\"elementor-button-icon\">\n\t\t\t\t<svg aria-hidden=\"true\" class=\"e-font-icon-svg e-fas-phone-alt\" viewbox=\"0 0 512 512\" xmlns=\"http:\/\/www.w3.org\/2000\/svg\"><path d=\"M497.39 361.8l-112-48a24 24 0 0 0-28 6.9l-49.6 60.6A370.66 370.66 0 0 1 130.6 204.11l60.6-49.6a23.94 23.94 0 0 0 6.9-28l-48-112A24.16 24.16 0 0 0 122.6.61l-104 24A24 24 0 0 0 0 48c0 256.5 207.9 464 464 464a24 24 0 0 0 23.4-18.6l24-104a24.29 24.29 0 0 0-14.01-27.6z\"><\/path><\/svg>\t\t\t<\/span>\n\t\t\t\t\t\t\t\t\t<span class=\"elementor-button-text\">Ll\u00e1menos ahora<\/span>\n\t\t\t\t\t<\/span>\n\t\t\t\t\t<\/a>\n\t\t\t\t<\/div>\n\t\t\t\t\t\t\t\t<\/div>\n\t\t\t\t<\/div>\n\t\t\t\t<\/div>\n\t\t\t\t\t<\/div>\n\t\t\t\t<\/div>\n\t\t<div class=\"elementor-element elementor-element-a7d9d7a e-flex e-con-boxed e-con e-parent\" data-id=\"a7d9d7a\" data-element_type=\"container\" data-e-type=\"container\" data-settings=\"{&quot;background_background&quot;:&quot;classic&quot;}\">\n\t\t\t\t\t<div class=\"e-con-inner\">\n\t\t<div class=\"elementor-element elementor-element-6277f6e e-con-full e-flex e-con e-child\" data-id=\"6277f6e\" data-element_type=\"container\" data-e-type=\"container\">\n\t\t\t\t<div class=\"elementor-element elementor-element-332be4e elementor-widget elementor-widget-heading\" data-id=\"332be4e\" data-element_type=\"widget\" data-e-type=\"widget\" data-widget_type=\"heading.default\">\n\t\t\t\t<div class=\"elementor-widget-container\">\n\t\t\t\t\t<h2 class=\"elementor-heading-title elementor-size-default\">Enviar una recomendaci\u00f3n o solicitar una llamada\n<\/h2>\t\t\t\t<\/div>\n\t\t\t\t<\/div>\n\t\t\t\t<div class=\"elementor-element elementor-element-0cfe9d5 elementor-widget elementor-widget-text-editor\" data-id=\"0cfe9d5\" data-element_type=\"widget\" data-e-type=\"widget\" data-widget_type=\"text-editor.default\">\n\t\t\t\t<div class=\"elementor-widget-container\">\n\t\t\t\t\t\t\t\t\t<p>Al proporcionar un n\u00famero de tel\u00e9fono y enviar el formulario, usted acepta que se le contacte por mensaje de texto SMS y est\u00e1 de acuerdo con nuestra Pol\u00edtica de Privacidad. La frecuencia de los mensajes puede variar. Pueden aplicarse tarifas por mensajes y datos. Responda STOP para dejar de recibir mensajes. Responda AYUDA para obtener m\u00e1s informaci\u00f3n. No se compartir\u00e1 ninguna informaci\u00f3n m\u00f3vil con terceros\/afiliados con fines de marketing\/promocionales. Todas las dem\u00e1s categor\u00edas excluyen los datos y el consentimiento del remitente de los mensajes de texto; esta informaci\u00f3n no se compartir\u00e1 con terceros.<\/p>\t\t\t\t\t\t\t\t<\/div>\n\t\t\t\t<\/div>\n\t\t\t\t<\/div>\n\t\t<div class=\"elementor-element elementor-element-47d7cd0 e-con-full e-flex e-con e-child\" data-id=\"47d7cd0\" data-element_type=\"container\" data-e-type=\"container\" data-settings=\"{&quot;background_background&quot;:&quot;classic&quot;}\">\n\t\t\t\t<div class=\"elementor-element elementor-element-e00b818 elementor-widget elementor-widget-html\" data-id=\"e00b818\" data-element_type=\"widget\" data-e-type=\"widget\" data-widget_type=\"html.default\">\n\t\t\t\t<div class=\"elementor-widget-container\">\n\t\t\t\t\t<script src=\"https:\/\/js-na2.hsforms.net\/forms\/embed\/244193591.js\" defer><\/script>\n<div class=\"hs-form-frame\" data-region=\"na2\" data-form-id=\"c320f343-ca55-41c9-8e79-c807be8ff716\" data-portal-id=\"244193591\"><\/div>\t\t\t\t<\/div>\n\t\t\t\t<\/div>\n\t\t\t\t<\/div>\n\t\t\t\t\t<\/div>\n\t\t\t\t<\/div>\n\t\t<div class=\"elementor-element elementor-element-4c4b523 e-flex e-con-boxed e-con e-parent\" data-id=\"4c4b523\" data-element_type=\"container\" data-e-type=\"container\">\n\t\t\t\t\t<div class=\"e-con-inner\">\n\t\t<div class=\"elementor-element elementor-element-b63040c e-con-full e-flex e-con e-child\" data-id=\"b63040c\" data-element_type=\"container\" data-e-type=\"container\">\n\t\t\t\t<div class=\"elementor-element elementor-element-5ca9b14 elementor-widget elementor-widget-image\" data-id=\"5ca9b14\" data-element_type=\"widget\" data-e-type=\"widget\" data-widget_type=\"image.default\">\n\t\t\t\t<div class=\"elementor-widget-container\">\n\t\t\t\t\t\t\t\t\t\t\t\t\t\t\t<img decoding=\"async\" width=\"768\" height=\"513\" src=\"https:\/\/3riverstherapy.com\/wp-content\/uploads\/2024\/04\/Depositphotos_375459448_XL-768x513.webp\" class=\"attachment-medium_large size-medium_large wp-image-660\" alt=\"Servicios profesionales de asesoramiento y terapia en salud mental en 3 Rivers Therapy\" srcset=\"https:\/\/3riverstherapy.com\/wp-content\/uploads\/2024\/04\/Depositphotos_375459448_XL-768x513.webp 768w, https:\/\/3riverstherapy.com\/wp-content\/uploads\/2024\/04\/Depositphotos_375459448_XL-300x200.webp 300w, https:\/\/3riverstherapy.com\/wp-content\/uploads\/2024\/04\/Depositphotos_375459448_XL.webp 800w\" sizes=\"(max-width: 768px) 100vw, 768px\" \/>\t\t\t\t\t\t\t\t\t\t\t\t\t\t\t<\/div>\n\t\t\t\t<\/div>\n\t\t\t\t<\/div>\n\t\t<div class=\"elementor-element elementor-element-3fcbd5a e-con-full e-flex e-con e-child\" data-id=\"3fcbd5a\" data-element_type=\"container\" data-e-type=\"container\">\n\t\t\t\t<div class=\"elementor-element elementor-element-46eb764 elementor-widget elementor-widget-heading\" data-id=\"46eb764\" data-element_type=\"widget\" data-e-type=\"widget\" data-widget_type=\"heading.default\">\n\t\t\t\t<div class=\"elementor-widget-container\">\n\t\t\t\t\t<h2 class=\"elementor-heading-title elementor-size-default\">Proveedores de referencia<\/h2>\t\t\t\t<\/div>\n\t\t\t\t<\/div>\n\t\t\t\t<div class=\"elementor-element elementor-element-9242dbd elementor-widget elementor-widget-text-editor\" data-id=\"9242dbd\" data-element_type=\"widget\" data-e-type=\"widget\" data-widget_type=\"text-editor.default\">\n\t\t\t\t<div class=\"elementor-widget-container\">\n\t\t\t\t\t\t\t\t\t<p>Valoramos la colaboraci\u00f3n con los proveedores que nos env\u00edan pacientes y agradecemos las referencias a nuestros servicios. Si usted es un proveedor que nos env\u00eda pacientes, puede enviarnos f\u00e1cilmente las referencias por fax al <a href=\"tell:5095794088\">509-579-4088<\/a> o env\u00edenos un correo electr\u00f3nico a <a href=\"mailto:info@3riverstherapy.com\">info@3riverstherapy.com<\/a>.<\/p>\t\t\t\t\t\t\t\t<\/div>\n\t\t\t\t<\/div>\n\t\t\t\t<div class=\"elementor-element elementor-element-f980805 elementor-widget elementor-widget-text-editor\" data-id=\"f980805\" data-element_type=\"widget\" data-e-type=\"widget\" data-widget_type=\"text-editor.default\">\n\t\t\t\t<div class=\"elementor-widget-container\">\n\t\t\t\t\t\t\t\t\tNuestro equipo se dedica a garantizar una transici\u00f3n fluida a las personas que solicitan nuestra atenci\u00f3n, y damos prioridad a la comunicaci\u00f3n y coordinaci\u00f3n r\u00e1pidas con los proveedores que derivan a los pacientes. Ya sea que derive a un paciente para terapia individual, asesoramiento grupal o programas de tratamiento especializados, nos comprometemos a brindar una atenci\u00f3n integral y compasiva.\u00a0\t\t\t\t\t\t\t\t<\/div>\n\t\t\t\t<\/div>\n\t\t\t\t<div class=\"elementor-element elementor-element-bf1e29a elementor-widget elementor-widget-text-editor\" data-id=\"bf1e29a\" data-element_type=\"widget\" data-e-type=\"widget\" data-widget_type=\"text-editor.default\">\n\t\t\t\t<div class=\"elementor-widget-container\">\n\t\t\t\t\t\t\t\t\tCont\u00e1ctenos hoy mismo para obtener m\u00e1s informaci\u00f3n sobre nuestros servicios o para hacer una recomendaci\u00f3n.\t\t\t\t\t\t\t\t<\/div>\n\t\t\t\t<\/div>\n\t\t\t\t<\/div>\n\t\t\t\t\t<\/div>\n\t\t\t\t<\/div>\n\t\t\t\t<\/div>","protected":false},"excerpt":{"rendered":"<p>We look forward to connecting with you At Three Rivers Therapy, we encourage you to reach out to us directly to schedule an appointment or enroll in one of our programs. Our friendly and experienced staff are here to assist you every step of the way. Whether you&#8217;re seeking individual therapy, group counseling, or specialized [&hellip;]<\/p>\n","protected":false},"author":4,"featured_media":0,"parent":0,"menu_order":6,"comment_status":"closed","ping_status":"closed","template":"","meta":{"content-type":"","footnotes":""},"class_list":["post-43","page","type-page","status-publish","hentry"],"yoast_head":"<!-- This site is optimized with the Yoast SEO plugin v27.4 - https:\/\/yoast.com\/product\/yoast-seo-wordpress\/ -->\n<title>Contact Three Rivers Therapy | Kennewick, WA Mental Health Clinic<\/title>\n<meta name=\"description\" content=\"Schedule an appointment or submit a referral to Three Rivers Therapy in Kennewick, WA. Call (509) 378-5553 or request a callback online. Accepting new patients across the Tri-Cities.\" \/>\n<meta name=\"robots\" content=\"index, follow, max-snippet:-1, max-image-preview:large, max-video-preview:-1\" \/>\n<link rel=\"canonical\" href=\"https:\/\/3riverstherapy.com\/es\/contact\/\" \/>\n<meta property=\"og:locale\" content=\"es_MX\" \/>\n<meta property=\"og:type\" content=\"article\" \/>\n<meta property=\"og:title\" content=\"Contact Three Rivers Therapy | Kennewick, WA Mental Health Clinic\" \/>\n<meta property=\"og:description\" content=\"Schedule an appointment or submit a referral to Three Rivers Therapy in Kennewick, WA. Call (509) 378-5553 or request a callback online. Accepting new patients across the Tri-Cities.\" \/>\n<meta property=\"og:url\" content=\"https:\/\/3riverstherapy.com\/es\/contact\/\" \/>\n<meta property=\"og:site_name\" content=\"3 Rivers Therapy\" \/>\n<meta property=\"article:publisher\" content=\"https:\/\/www.facebook.com\/3riverstherapy\" \/>\n<meta property=\"article:modified_time\" content=\"2026-03-21T13:39:34+00:00\" \/>\n<meta property=\"og:image\" content=\"https:\/\/3riverstherapy.com\/wp-content\/uploads\/2026\/02\/1737-1-768x573.jpg\" \/>\n<meta name=\"twitter:card\" content=\"summary_large_image\" \/>\n<meta name=\"twitter:label1\" content=\"Tiempo de lectura\" \/>\n\t<meta name=\"twitter:data1\" content=\"2 minutos\" \/>\n<script type=\"application\/ld+json\" class=\"yoast-schema-graph\">{\"@context\":\"https:\\\/\\\/schema.org\",\"@graph\":[{\"@type\":\"WebPage\",\"@id\":\"https:\\\/\\\/3riverstherapy.com\\\/contact\\\/\",\"url\":\"https:\\\/\\\/3riverstherapy.com\\\/contact\\\/\",\"name\":\"Contact Three Rivers Therapy | Kennewick, WA Mental Health Clinic\",\"isPartOf\":{\"@id\":\"https:\\\/\\\/3riverstherapy.com\\\/#website\"},\"primaryImageOfPage\":{\"@id\":\"https:\\\/\\\/3riverstherapy.com\\\/contact\\\/#primaryimage\"},\"image\":{\"@id\":\"https:\\\/\\\/3riverstherapy.com\\\/contact\\\/#primaryimage\"},\"thumbnailUrl\":\"https:\\\/\\\/3riverstherapy.com\\\/wp-content\\\/uploads\\\/2026\\\/02\\\/1737-1-768x573.jpg\",\"datePublished\":\"2024-01-11T21:50:49+00:00\",\"dateModified\":\"2026-03-21T13:39:34+00:00\",\"description\":\"Schedule an appointment or submit a referral to Three Rivers Therapy in Kennewick, WA. Call (509) 378-5553 or request a callback online. Accepting new patients across the Tri-Cities.\",\"breadcrumb\":{\"@id\":\"https:\\\/\\\/3riverstherapy.com\\\/contact\\\/#breadcrumb\"},\"inLanguage\":\"es\",\"potentialAction\":[{\"@type\":\"ReadAction\",\"target\":[\"https:\\\/\\\/3riverstherapy.com\\\/contact\\\/\"]}]},{\"@type\":\"ImageObject\",\"inLanguage\":\"es\",\"@id\":\"https:\\\/\\\/3riverstherapy.com\\\/contact\\\/#primaryimage\",\"url\":\"https:\\\/\\\/3riverstherapy.com\\\/wp-content\\\/uploads\\\/2026\\\/02\\\/1737-1-768x573.jpg\",\"contentUrl\":\"https:\\\/\\\/3riverstherapy.com\\\/wp-content\\\/uploads\\\/2026\\\/02\\\/1737-1-768x573.jpg\"},{\"@type\":\"BreadcrumbList\",\"@id\":\"https:\\\/\\\/3riverstherapy.com\\\/contact\\\/#breadcrumb\",\"itemListElement\":[{\"@type\":\"ListItem\",\"position\":1,\"name\":\"Home\",\"item\":\"https:\\\/\\\/3riverstherapy.com\\\/\"},{\"@type\":\"ListItem\",\"position\":2,\"name\":\"Contact\"}]},{\"@type\":\"WebSite\",\"@id\":\"https:\\\/\\\/3riverstherapy.com\\\/#website\",\"url\":\"https:\\\/\\\/3riverstherapy.com\\\/\",\"name\":\"3 Rivers Therapy\",\"description\":\"\",\"publisher\":{\"@id\":\"https:\\\/\\\/3riverstherapy.com\\\/#organization\"},\"potentialAction\":[{\"@type\":\"SearchAction\",\"target\":{\"@type\":\"EntryPoint\",\"urlTemplate\":\"https:\\\/\\\/3riverstherapy.com\\\/?s={search_term_string}\"},\"query-input\":{\"@type\":\"PropertyValueSpecification\",\"valueRequired\":true,\"valueName\":\"search_term_string\"}}],\"inLanguage\":\"es\"},{\"@type\":\"Organization\",\"@id\":\"https:\\\/\\\/3riverstherapy.com\\\/#organization\",\"name\":\"3 Rivers Therapy\",\"url\":\"https:\\\/\\\/3riverstherapy.com\\\/\",\"logo\":{\"@type\":\"ImageObject\",\"inLanguage\":\"es\",\"@id\":\"https:\\\/\\\/3riverstherapy.com\\\/#\\\/schema\\\/logo\\\/image\\\/\",\"url\":\"https:\\\/\\\/3riverstherapy.com\\\/wp-content\\\/uploads\\\/2024\\\/01\\\/Dark-logo.webp\",\"contentUrl\":\"https:\\\/\\\/3riverstherapy.com\\\/wp-content\\\/uploads\\\/2024\\\/01\\\/Dark-logo.webp\",\"width\":1920,\"height\":1920,\"caption\":\"3 Rivers Therapy\"},\"image\":{\"@id\":\"https:\\\/\\\/3riverstherapy.com\\\/#\\\/schema\\\/logo\\\/image\\\/\"},\"sameAs\":[\"https:\\\/\\\/www.facebook.com\\\/3riverstherapy\",\"https:\\\/\\\/www.instagram.com\\\/threeriverstherapy\\\/\"]}]}<\/script>\n<!-- \/ Yoast SEO plugin. -->","yoast_head_json":{"title":"P\u00f3ngase en contacto con Three Rivers Therapy | Cl\u00ednica de salud mental en Kennewick, WA","description":"Concierte una cita o env\u00ede una derivaci\u00f3n a Three Rivers Therapy en Kennewick, WA. Llame al (509) 378-5553 o solicite que le devuelvan la llamada en l\u00ednea. Aceptamos nuevos pacientes en toda la regi\u00f3n de Tri-Cities.","robots":{"index":"index","follow":"follow","max-snippet":"max-snippet:-1","max-image-preview":"max-image-preview:large","max-video-preview":"max-video-preview:-1"},"canonical":"https:\/\/3riverstherapy.com\/es\/contact\/","og_locale":"es_MX","og_type":"article","og_title":"Contact Three Rivers Therapy | Kennewick, WA Mental Health Clinic","og_description":"Schedule an appointment or submit a referral to Three Rivers Therapy in Kennewick, WA. Call (509) 378-5553 or request a callback online. Accepting new patients across the Tri-Cities.","og_url":"https:\/\/3riverstherapy.com\/es\/contact\/","og_site_name":"3 Rivers Therapy","article_publisher":"https:\/\/www.facebook.com\/3riverstherapy","article_modified_time":"2026-03-21T13:39:34+00:00","og_image":[{"url":"https:\/\/3riverstherapy.com\/wp-content\/uploads\/2026\/02\/1737-1-768x573.jpg","type":"","width":"","height":""}],"twitter_card":"summary_large_image","twitter_misc":{"Tiempo de lectura":"2 minutos"},"schema":{"@context":"https:\/\/schema.org","@graph":[{"@type":"WebPage","@id":"https:\/\/3riverstherapy.com\/contact\/","url":"https:\/\/3riverstherapy.com\/contact\/","name":"P\u00f3ngase en contacto con Three Rivers Therapy | Cl\u00ednica de salud mental en Kennewick, WA","isPartOf":{"@id":"https:\/\/3riverstherapy.com\/#website"},"primaryImageOfPage":{"@id":"https:\/\/3riverstherapy.com\/contact\/#primaryimage"},"image":{"@id":"https:\/\/3riverstherapy.com\/contact\/#primaryimage"},"thumbnailUrl":"https:\/\/3riverstherapy.com\/wp-content\/uploads\/2026\/02\/1737-1-768x573.jpg","datePublished":"2024-01-11T21:50:49+00:00","dateModified":"2026-03-21T13:39:34+00:00","description":"Concierte una cita o env\u00ede una derivaci\u00f3n a Three Rivers Therapy en Kennewick, WA. Llame al (509) 378-5553 o solicite que le devuelvan la llamada en l\u00ednea. Aceptamos nuevos pacientes en toda la regi\u00f3n de Tri-Cities.","breadcrumb":{"@id":"https:\/\/3riverstherapy.com\/contact\/#breadcrumb"},"inLanguage":"es","potentialAction":[{"@type":"ReadAction","target":["https:\/\/3riverstherapy.com\/contact\/"]}]},{"@type":"ImageObject","inLanguage":"es","@id":"https:\/\/3riverstherapy.com\/contact\/#primaryimage","url":"https:\/\/3riverstherapy.com\/wp-content\/uploads\/2026\/02\/1737-1-768x573.jpg","contentUrl":"https:\/\/3riverstherapy.com\/wp-content\/uploads\/2026\/02\/1737-1-768x573.jpg"},{"@type":"BreadcrumbList","@id":"https:\/\/3riverstherapy.com\/contact\/#breadcrumb","itemListElement":[{"@type":"ListItem","position":1,"name":"Home","item":"https:\/\/3riverstherapy.com\/"},{"@type":"ListItem","position":2,"name":"Contact"}]},{"@type":"WebSite","@id":"https:\/\/3riverstherapy.com\/#website","url":"https:\/\/3riverstherapy.com\/","name":"Terapia de los tres r\u00edos","description":"","publisher":{"@id":"https:\/\/3riverstherapy.com\/#organization"},"potentialAction":[{"@type":"SearchAction","target":{"@type":"EntryPoint","urlTemplate":"https:\/\/3riverstherapy.com\/?s={search_term_string}"},"query-input":{"@type":"PropertyValueSpecification","valueRequired":true,"valueName":"search_term_string"}}],"inLanguage":"es"},{"@type":"Organization","@id":"https:\/\/3riverstherapy.com\/#organization","name":"Terapia de los tres r\u00edos","url":"https:\/\/3riverstherapy.com\/","logo":{"@type":"ImageObject","inLanguage":"es","@id":"https:\/\/3riverstherapy.com\/#\/schema\/logo\/image\/","url":"https:\/\/3riverstherapy.com\/wp-content\/uploads\/2024\/01\/Dark-logo.webp","contentUrl":"https:\/\/3riverstherapy.com\/wp-content\/uploads\/2024\/01\/Dark-logo.webp","width":1920,"height":1920,"caption":"3 Rivers Therapy"},"image":{"@id":"https:\/\/3riverstherapy.com\/#\/schema\/logo\/image\/"},"sameAs":["https:\/\/www.facebook.com\/3riverstherapy","https:\/\/www.instagram.com\/threeriverstherapy\/"]}]}},"_links":{"self":[{"href":"https:\/\/3riverstherapy.com\/es\/wp-json\/wp\/v2\/pages\/43","targetHints":{"allow":["GET"]}}],"collection":[{"href":"https:\/\/3riverstherapy.com\/es\/wp-json\/wp\/v2\/pages"}],"about":[{"href":"https:\/\/3riverstherapy.com\/es\/wp-json\/wp\/v2\/types\/page"}],"author":[{"embeddable":true,"href":"https:\/\/3riverstherapy.com\/es\/wp-json\/wp\/v2\/users\/4"}],"replies":[{"embeddable":true,"href":"https:\/\/3riverstherapy.com\/es\/wp-json\/wp\/v2\/comments?post=43"}],"version-history":[{"count":13,"href":"https:\/\/3riverstherapy.com\/es\/wp-json\/wp\/v2\/pages\/43\/revisions"}],"predecessor-version":[{"id":3050,"href":"https:\/\/3riverstherapy.com\/es\/wp-json\/wp\/v2\/pages\/43\/revisions\/3050"}],"wp:attachment":[{"href":"https:\/\/3riverstherapy.com\/es\/wp-json\/wp\/v2\/media?parent=43"}],"curies":[{"name":"wp","href":"https:\/\/api.w.org\/{rel}","templated":true}]}}