{"id":271,"date":"2024-04-04T19:37:14","date_gmt":"2024-04-04T19:37:14","guid":{"rendered":"http:\/\/localhost:10076\/?page_id=271"},"modified":"2026-03-21T13:39:08","modified_gmt":"2026-03-21T13:39:08","slug":"employment","status":"publish","type":"page","link":"https:\/\/3riverstherapy.com\/es\/employment\/","title":{"rendered":"Empleo"},"content":{"rendered":"<div data-elementor-type=\"wp-page\" data-elementor-id=\"271\" class=\"elementor elementor-271\" data-elementor-post-type=\"page\">\n\t\t\t\t<div class=\"elementor-element elementor-element-7773b53 e-con-full e-flex e-con e-parent\" data-id=\"7773b53\" data-element_type=\"container\" data-e-type=\"container\">\n\t\t<div class=\"elementor-element elementor-element-21a3c5e e-con-full e-flex e-con e-child\" data-id=\"21a3c5e\" data-element_type=\"container\" data-e-type=\"container\">\n\t\t\t\t<div class=\"elementor-element elementor-element-4b8ae63 elementor-widget elementor-widget-image\" data-id=\"4b8ae63\" data-element_type=\"widget\" data-e-type=\"widget\" data-widget_type=\"image.default\">\n\t\t\t\t<div class=\"elementor-widget-container\">\n\t\t\t\t\t\t\t\t\t\t\t\t\t\t\t<img fetchpriority=\"high\" decoding=\"async\" width=\"768\" height=\"512\" src=\"https:\/\/3riverstherapy.com\/wp-content\/uploads\/2026\/03\/welcome-to-the-team-768x512.webp\" class=\"attachment-medium_large size-medium_large wp-image-2527\" alt=\"Bienvenido al equipo: un nuevo terapeuta se une a 3 Rivers Therapy\" srcset=\"https:\/\/3riverstherapy.com\/wp-content\/uploads\/2026\/03\/welcome-to-the-team-768x512.webp 768w, https:\/\/3riverstherapy.com\/wp-content\/uploads\/2026\/03\/welcome-to-the-team-300x200.webp 300w, https:\/\/3riverstherapy.com\/wp-content\/uploads\/2026\/03\/welcome-to-the-team-1024x682.webp 1024w, https:\/\/3riverstherapy.com\/wp-content\/uploads\/2026\/03\/welcome-to-the-team-1536x1024.webp 1536w, https:\/\/3riverstherapy.com\/wp-content\/uploads\/2026\/03\/welcome-to-the-team.webp 1920w\" sizes=\"(max-width: 768px) 100vw, 768px\" \/>\t\t\t\t\t\t\t\t\t\t\t\t\t\t\t<\/div>\n\t\t\t\t<\/div>\n\t\t\t\t<\/div>\n\t\t<div class=\"elementor-element elementor-element-1d9ecee e-con-full e-flex e-con e-child\" data-id=\"1d9ecee\" data-element_type=\"container\" data-e-type=\"container\">\n\t\t\t\t<div class=\"elementor-element elementor-element-9c28099 elementor-widget elementor-widget-heading\" data-id=\"9c28099\" data-element_type=\"widget\" data-e-type=\"widget\" data-widget_type=\"heading.default\">\n\t\t\t\t<div class=\"elementor-widget-container\">\n\t\t\t\t\t<h1 class=\"elementor-heading-title elementor-size-default\">Marca una diferencia significativa<\/h1>\t\t\t\t<\/div>\n\t\t\t\t<\/div>\n\t\t\t\t<div class=\"elementor-element elementor-element-0993351 elementor-widget elementor-widget-text-editor\" data-id=\"0993351\" data-element_type=\"widget\" data-e-type=\"widget\" data-widget_type=\"text-editor.default\">\n\t\t\t\t<div class=\"elementor-widget-container\">\n\t\t\t\t\t\t\t\t\tTrabajar en Three Rivers Therapy ofrece una oportunidad \u00fanica para marcar una diferencia significativa en la vida de las personas que buscan apoyo en materia de salud mental.\t\t\t\t\t\t\t\t<\/div>\n\t\t\t\t<\/div>\n\t\t\t\t<div class=\"elementor-element elementor-element-f9337ed elementor-widget elementor-widget-text-editor\" data-id=\"f9337ed\" data-element_type=\"widget\" data-e-type=\"widget\" data-widget_type=\"text-editor.default\">\n\t\t\t\t<div class=\"elementor-widget-container\">\n\t\t\t\t\t\t\t\t\tNuestra organizaci\u00f3n se compromete a fomentar un ambiente de trabajo inclusivo y solidario, en el que se valore, empodere y anime a los empleados a crecer tanto a nivel personal como profesional. Como parte de nuestro equipo, tendr\u00e1s la oportunidad de colaborar con profesionales experimentados que comparten tu dedicaci\u00f3n por ofrecer servicios terap\u00e9uticos de alta calidad.\t\t\t\t\t\t\t\t<\/div>\n\t\t\t\t<\/div>\n\t\t\t\t<div class=\"elementor-element elementor-element-258dcfa elementor-widget elementor-widget-text-editor\" data-id=\"258dcfa\" data-element_type=\"widget\" data-e-type=\"widget\" data-widget_type=\"text-editor.default\">\n\t\t\t\t<div class=\"elementor-widget-container\">\n\t\t\t\t\t\t\t\t\tAdem\u00e1s, Three Rivers Therapy se dedica a mantenerse a la vanguardia en su campo, ofreciendo oportunidades de formaci\u00f3n continua, desarrollo profesional y la implementaci\u00f3n de enfoques terap\u00e9uticos innovadores. Al unirte a nuestro equipo, formar\u00e1s parte de una comunidad que prioriza la compasi\u00f3n, la integridad y la excelencia en todos los aspectos de nuestro trabajo, garantizando el \u00e9xito tanto de los empleados como de los clientes.\t\t\t\t\t\t\t\t<\/div>\n\t\t\t\t<\/div>\n\t\t\t\t<div class=\"elementor-element elementor-element-e7572ec elementor-widget elementor-widget-text-editor\" data-id=\"e7572ec\" data-element_type=\"widget\" data-e-type=\"widget\" data-widget_type=\"text-editor.default\">\n\t\t\t\t<div class=\"elementor-widget-container\">\n\t\t\t\t\t\t\t\t\t<p>Si tiene preguntas sobre empleo u oportunidades actuales, comun\u00edquese con: Jake Myers al <a href=\"mailto:Jakem@3riverstherapy.com\">Jakem@3riverstherapy.com<\/a><\/p>\t\t\t\t\t\t\t\t<\/div>\n\t\t\t\t<\/div>\n\t\t\t\t<\/div>\n\t\t\t\t<\/div>\n\t\t<div class=\"elementor-element elementor-element-c94a528 e-flex e-con-boxed e-con e-parent\" data-id=\"c94a528\" data-element_type=\"container\" data-e-type=\"container\" data-settings=\"{&quot;background_background&quot;:&quot;classic&quot;}\">\n\t\t\t\t\t<div class=\"e-con-inner\">\n\t\t<div class=\"elementor-element elementor-element-347fe11 e-con-full e-flex e-con e-child\" data-id=\"347fe11\" data-element_type=\"container\" data-e-type=\"container\" data-settings=\"{&quot;background_background&quot;:&quot;classic&quot;}\">\n\t\t\t\t<div class=\"elementor-element elementor-element-f9e0fa0 elementor-widget elementor-widget-heading\" data-id=\"f9e0fa0\" data-element_type=\"widget\" data-e-type=\"widget\" data-widget_type=\"heading.default\">\n\t\t\t\t<div class=\"elementor-widget-container\">\n\t\t\t\t\t<h2 class=\"elementor-heading-title elementor-size-default\">Cont\u00e1ctenos<\/h2>\t\t\t\t<\/div>\n\t\t\t\t<\/div>\n\t\t\t\t<div class=\"elementor-element elementor-element-2e81ece elementor-widget elementor-widget-text-editor\" data-id=\"2e81ece\" data-element_type=\"widget\" data-e-type=\"widget\" data-widget_type=\"text-editor.default\">\n\t\t\t\t<div class=\"elementor-widget-container\">\n\t\t\t\t\t\t\t\t\tSi tiene preguntas sobre empleo u oportunidades actuales, comun\u00edquese con:\t\t\t\t\t\t\t\t<\/div>\n\t\t\t\t<\/div>\n\t\t\t\t<div class=\"elementor-element elementor-element-a4f5ef5 elementor-mobile-align-justify elementor-align-justify elementor-widget__width-initial elementor-widget elementor-widget-button\" data-id=\"a4f5ef5\" data-element_type=\"widget\" data-e-type=\"widget\" data-settings=\"{&quot;_animation_mobile&quot;:&quot;fadeInDown&quot;}\" data-widget_type=\"button.default\">\n\t\t\t\t<div class=\"elementor-widget-container\">\n\t\t\t\t\t\t\t\t\t<div class=\"elementor-button-wrapper\">\n\t\t\t\t\t<a class=\"elementor-button elementor-button-link elementor-size-sm\" href=\"tel:5093785553\">\n\t\t\t\t\t\t<span class=\"elementor-button-content-wrapper\">\n\t\t\t\t\t\t<span class=\"elementor-button-icon\">\n\t\t\t\t<svg aria-hidden=\"true\" class=\"e-font-icon-svg e-fas-phone-alt\" viewbox=\"0 0 512 512\" xmlns=\"http:\/\/www.w3.org\/2000\/svg\"><path d=\"M497.39 361.8l-112-48a24 24 0 0 0-28 6.9l-49.6 60.6A370.66 370.66 0 0 1 130.6 204.11l60.6-49.6a23.94 23.94 0 0 0 6.9-28l-48-112A24.16 24.16 0 0 0 122.6.61l-104 24A24 24 0 0 0 0 48c0 256.5 207.9 464 464 464a24 24 0 0 0 23.4-18.6l24-104a24.29 24.29 0 0 0-14.01-27.6z\"><\/path><\/svg>\t\t\t<\/span>\n\t\t\t\t\t\t\t\t\t<span class=\"elementor-button-text\">Ll\u00e1menos<\/span>\n\t\t\t\t\t<\/span>\n\t\t\t\t\t<\/a>\n\t\t\t\t<\/div>\n\t\t\t\t\t\t\t\t<\/div>\n\t\t\t\t<\/div>\n\t\t<div class=\"elementor-element elementor-element-2078fee e-con-full e-flex e-con e-child\" data-id=\"2078fee\" data-element_type=\"container\" data-e-type=\"container\">\n\t\t\t\t<div class=\"elementor-element elementor-element-3b8ac32 elementor-mobile-align-justify elementor-align-justify elementor-widget__width-initial elementor-widget elementor-widget-button\" data-id=\"3b8ac32\" data-element_type=\"widget\" data-e-type=\"widget\" data-settings=\"{&quot;_animation_mobile&quot;:&quot;fadeInDown&quot;}\" data-widget_type=\"button.default\">\n\t\t\t\t<div class=\"elementor-widget-container\">\n\t\t\t\t\t\t\t\t\t<div class=\"elementor-button-wrapper\">\n\t\t\t\t\t<a class=\"elementor-button elementor-button-link elementor-size-sm\" href=\"mailto:Jakem@3riverstherapy.com\">\n\t\t\t\t\t\t<span class=\"elementor-button-content-wrapper\">\n\t\t\t\t\t\t<span class=\"elementor-button-icon\">\n\t\t\t\t<svg aria-hidden=\"true\" class=\"e-font-icon-svg e-fas-mail-bulk\" viewbox=\"0 0 576 512\" xmlns=\"http:\/\/www.w3.org\/2000\/svg\"><path d=\"M160 448c-25.6 0-51.2-22.4-64-32-64-44.8-83.2-60.8-96-70.4V480c0 17.67 14.33 32 32 32h256c17.67 0 32-14.33 32-32V345.6c-12.8 9.6-32 25.6-96 70.4-12.8 9.6-38.4 32-64 32zm128-192H32c-17.67 0-32 14.33-32 32v16c25.6 19.2 22.4 19.2 115.2 86.4 9.6 6.4 28.8 25.6 44.8 25.6s35.2-19.2 44.8-22.4c92.8-67.2 89.6-67.2 115.2-86.4V288c0-17.67-14.33-32-32-32zm256-96H224c-17.67 0-32 14.33-32 32v32h96c33.21 0 60.59 25.42 63.71 57.82l.29-.22V416h192c17.67 0 32-14.33 32-32V192c0-17.67-14.33-32-32-32zm-32 128h-64v-64h64v64zm-352-96c0-35.29 28.71-64 64-64h224V32c0-17.67-14.33-32-32-32H96C78.33 0 64 14.33 64 32v192h96v-32z\"><\/path><\/svg>\t\t\t<\/span>\n\t\t\t\t\t\t\t\t\t<span class=\"elementor-button-text\">Env\u00edenos un correo electr\u00f3nico <\/span>\n\t\t\t\t\t<\/span>\n\t\t\t\t\t<\/a>\n\t\t\t\t<\/div>\n\t\t\t\t\t\t\t\t<\/div>\n\t\t\t\t<\/div>\n\t\t\t\t<\/div>\n\t\t<div class=\"elementor-element elementor-element-086a1bb e-con-full e-flex e-con e-child\" data-id=\"086a1bb\" data-element_type=\"container\" data-e-type=\"container\">\n\t\t\t\t<div class=\"elementor-element elementor-element-31b5c22 elementor-mobile-align-justify elementor-align-justify elementor-widget__width-initial elementor-widget elementor-widget-button\" data-id=\"31b5c22\" data-element_type=\"widget\" data-e-type=\"widget\" data-settings=\"{&quot;_animation_mobile&quot;:&quot;fadeInDown&quot;}\" data-widget_type=\"button.default\">\n\t\t\t\t<div class=\"elementor-widget-container\">\n\t\t\t\t\t\t\t\t\t<div class=\"elementor-button-wrapper\">\n\t\t\t\t\t<a class=\"elementor-button elementor-button-link elementor-size-sm\" href=\"https:\/\/recruiting.paylocity.com\/recruiting\/jobs\/All\/984cf3b2-dbc5-4729-a710-7268cceb56c6\/Three-Rivers-Therapy-LLC\">\n\t\t\t\t\t\t<span class=\"elementor-button-content-wrapper\">\n\t\t\t\t\t\t\t\t\t<span class=\"elementor-button-text\">Vacantes actuales<\/span>\n\t\t\t\t\t<\/span>\n\t\t\t\t\t<\/a>\n\t\t\t\t<\/div>\n\t\t\t\t\t\t\t\t<\/div>\n\t\t\t\t<\/div>\n\t\t\t\t<\/div>\n\t\t\t\t<\/div>\n\t\t\t\t\t<\/div>\n\t\t\t\t<\/div>\n\t\t\t\t<\/div>","protected":false},"excerpt":{"rendered":"<p>Make A Meaningful Difference Working at Three Rivers Therapy offers a unique opportunity to make a meaningful difference in the lives of individuals seeking mental health support.Our organization is committed to fostering a supportive and inclusive work environment where employees are valued, empowered, and encouraged to grow both personally and professionally. As part of our [&hellip;]<\/p>\n","protected":false},"author":4,"featured_media":0,"parent":0,"menu_order":1,"comment_status":"closed","ping_status":"closed","template":"","meta":{"content-type":"","footnotes":""},"class_list":["post-271","page","type-page","status-publish","hentry"],"yoast_head":"<!-- This site is optimized with the Yoast SEO plugin v27.4 - https:\/\/yoast.com\/product\/yoast-seo-wordpress\/ -->\n<title>Mental Health Jobs in Kennewick WA | Careers at Three Rivers Therapy<\/title>\n<meta name=\"description\" content=\"Join Three Rivers Therapy&#039;s growing team in Kennewick, WA. We offer meaningful behavioral health careers, ongoing training &amp; a supportive work culture. View current openings today.\" \/>\n<meta name=\"robots\" content=\"index, follow, max-snippet:-1, max-image-preview:large, max-video-preview:-1\" \/>\n<link rel=\"canonical\" href=\"https:\/\/3riverstherapy.com\/es\/employment\/\" \/>\n<meta property=\"og:locale\" content=\"es_MX\" \/>\n<meta property=\"og:type\" content=\"article\" \/>\n<meta property=\"og:title\" content=\"Mental Health Jobs in Kennewick WA | Careers at Three Rivers Therapy\" \/>\n<meta property=\"og:description\" content=\"Join Three Rivers Therapy&#039;s growing team in Kennewick, WA. We offer meaningful behavioral health careers, ongoing training &amp; a supportive work culture. View current openings today.\" \/>\n<meta property=\"og:url\" content=\"https:\/\/3riverstherapy.com\/es\/employment\/\" \/>\n<meta property=\"og:site_name\" content=\"3 Rivers Therapy\" \/>\n<meta property=\"article:publisher\" content=\"https:\/\/www.facebook.com\/3riverstherapy\" \/>\n<meta property=\"article:modified_time\" content=\"2026-03-21T13:39:08+00:00\" \/>\n<meta property=\"og:image\" content=\"https:\/\/3riverstherapy.com\/wp-content\/uploads\/2026\/03\/welcome-to-the-team-768x512.webp\" \/>\n<meta name=\"twitter:card\" content=\"summary_large_image\" \/>\n<meta name=\"twitter:label1\" content=\"Tiempo de lectura\" \/>\n\t<meta name=\"twitter:data1\" content=\"1 minuto\" \/>\n<script type=\"application\/ld+json\" class=\"yoast-schema-graph\">{\"@context\":\"https:\\\/\\\/schema.org\",\"@graph\":[{\"@type\":\"WebPage\",\"@id\":\"https:\\\/\\\/3riverstherapy.com\\\/employment\\\/\",\"url\":\"https:\\\/\\\/3riverstherapy.com\\\/employment\\\/\",\"name\":\"Mental Health Jobs in Kennewick WA | Careers at Three Rivers Therapy\",\"isPartOf\":{\"@id\":\"https:\\\/\\\/3riverstherapy.com\\\/#website\"},\"primaryImageOfPage\":{\"@id\":\"https:\\\/\\\/3riverstherapy.com\\\/employment\\\/#primaryimage\"},\"image\":{\"@id\":\"https:\\\/\\\/3riverstherapy.com\\\/employment\\\/#primaryimage\"},\"thumbnailUrl\":\"https:\\\/\\\/3riverstherapy.com\\\/wp-content\\\/uploads\\\/2026\\\/03\\\/welcome-to-the-team-768x512.webp\",\"datePublished\":\"2024-04-04T19:37:14+00:00\",\"dateModified\":\"2026-03-21T13:39:08+00:00\",\"description\":\"Join Three Rivers Therapy's growing team in Kennewick, WA. We offer meaningful behavioral health careers, ongoing training & a supportive work culture. View current openings today.\",\"breadcrumb\":{\"@id\":\"https:\\\/\\\/3riverstherapy.com\\\/employment\\\/#breadcrumb\"},\"inLanguage\":\"es\",\"potentialAction\":[{\"@type\":\"ReadAction\",\"target\":[\"https:\\\/\\\/3riverstherapy.com\\\/employment\\\/\"]}]},{\"@type\":\"ImageObject\",\"inLanguage\":\"es\",\"@id\":\"https:\\\/\\\/3riverstherapy.com\\\/employment\\\/#primaryimage\",\"url\":\"https:\\\/\\\/3riverstherapy.com\\\/wp-content\\\/uploads\\\/2026\\\/03\\\/welcome-to-the-team-768x512.webp\",\"contentUrl\":\"https:\\\/\\\/3riverstherapy.com\\\/wp-content\\\/uploads\\\/2026\\\/03\\\/welcome-to-the-team-768x512.webp\"},{\"@type\":\"BreadcrumbList\",\"@id\":\"https:\\\/\\\/3riverstherapy.com\\\/employment\\\/#breadcrumb\",\"itemListElement\":[{\"@type\":\"ListItem\",\"position\":1,\"name\":\"Home\",\"item\":\"https:\\\/\\\/3riverstherapy.com\\\/\"},{\"@type\":\"ListItem\",\"position\":2,\"name\":\"Employment\"}]},{\"@type\":\"WebSite\",\"@id\":\"https:\\\/\\\/3riverstherapy.com\\\/#website\",\"url\":\"https:\\\/\\\/3riverstherapy.com\\\/\",\"name\":\"3 Rivers Therapy\",\"description\":\"\",\"publisher\":{\"@id\":\"https:\\\/\\\/3riverstherapy.com\\\/#organization\"},\"potentialAction\":[{\"@type\":\"SearchAction\",\"target\":{\"@type\":\"EntryPoint\",\"urlTemplate\":\"https:\\\/\\\/3riverstherapy.com\\\/?s={search_term_string}\"},\"query-input\":{\"@type\":\"PropertyValueSpecification\",\"valueRequired\":true,\"valueName\":\"search_term_string\"}}],\"inLanguage\":\"es\"},{\"@type\":\"Organization\",\"@id\":\"https:\\\/\\\/3riverstherapy.com\\\/#organization\",\"name\":\"3 Rivers Therapy\",\"url\":\"https:\\\/\\\/3riverstherapy.com\\\/\",\"logo\":{\"@type\":\"ImageObject\",\"inLanguage\":\"es\",\"@id\":\"https:\\\/\\\/3riverstherapy.com\\\/#\\\/schema\\\/logo\\\/image\\\/\",\"url\":\"https:\\\/\\\/3riverstherapy.com\\\/wp-content\\\/uploads\\\/2024\\\/01\\\/Dark-logo.webp\",\"contentUrl\":\"https:\\\/\\\/3riverstherapy.com\\\/wp-content\\\/uploads\\\/2024\\\/01\\\/Dark-logo.webp\",\"width\":1920,\"height\":1920,\"caption\":\"3 Rivers Therapy\"},\"image\":{\"@id\":\"https:\\\/\\\/3riverstherapy.com\\\/#\\\/schema\\\/logo\\\/image\\\/\"},\"sameAs\":[\"https:\\\/\\\/www.facebook.com\\\/3riverstherapy\",\"https:\\\/\\\/www.instagram.com\\\/threeriverstherapy\\\/\"]}]}<\/script>\n<!-- \/ Yoast SEO plugin. -->","yoast_head_json":{"title":"Ofertas de empleo en salud mental en Kennewick, WA | Oportunidades profesionales en Three Rivers Therapy","description":"\u00danete al equipo en expansi\u00f3n de Three Rivers Therapy en Kennewick, Washington. Ofrecemos carreras profesionales satisfactorias en el \u00e1mbito de la salud conductual, capacitaci\u00f3n continua y un ambiente de trabajo solidario. Consulta hoy mismo las vacantes disponibles.","robots":{"index":"index","follow":"follow","max-snippet":"max-snippet:-1","max-image-preview":"max-image-preview:large","max-video-preview":"max-video-preview:-1"},"canonical":"https:\/\/3riverstherapy.com\/es\/employment\/","og_locale":"es_MX","og_type":"article","og_title":"Mental Health Jobs in Kennewick WA | Careers at Three Rivers Therapy","og_description":"Join Three Rivers Therapy's growing team in Kennewick, WA. We offer meaningful behavioral health careers, ongoing training & a supportive work culture. View current openings today.","og_url":"https:\/\/3riverstherapy.com\/es\/employment\/","og_site_name":"3 Rivers Therapy","article_publisher":"https:\/\/www.facebook.com\/3riverstherapy","article_modified_time":"2026-03-21T13:39:08+00:00","og_image":[{"url":"https:\/\/3riverstherapy.com\/wp-content\/uploads\/2026\/03\/welcome-to-the-team-768x512.webp","type":"","width":"","height":""}],"twitter_card":"summary_large_image","twitter_misc":{"Tiempo de lectura":"1 minuto"},"schema":{"@context":"https:\/\/schema.org","@graph":[{"@type":"WebPage","@id":"https:\/\/3riverstherapy.com\/employment\/","url":"https:\/\/3riverstherapy.com\/employment\/","name":"Ofertas de empleo en salud mental en Kennewick, WA | Oportunidades profesionales en Three Rivers Therapy","isPartOf":{"@id":"https:\/\/3riverstherapy.com\/#website"},"primaryImageOfPage":{"@id":"https:\/\/3riverstherapy.com\/employment\/#primaryimage"},"image":{"@id":"https:\/\/3riverstherapy.com\/employment\/#primaryimage"},"thumbnailUrl":"https:\/\/3riverstherapy.com\/wp-content\/uploads\/2026\/03\/welcome-to-the-team-768x512.webp","datePublished":"2024-04-04T19:37:14+00:00","dateModified":"2026-03-21T13:39:08+00:00","description":"\u00danete al equipo en expansi\u00f3n de Three Rivers Therapy en Kennewick, Washington. Ofrecemos carreras profesionales satisfactorias en el \u00e1mbito de la salud conductual, capacitaci\u00f3n continua y un ambiente de trabajo solidario. Consulta hoy mismo las vacantes disponibles.","breadcrumb":{"@id":"https:\/\/3riverstherapy.com\/employment\/#breadcrumb"},"inLanguage":"es","potentialAction":[{"@type":"ReadAction","target":["https:\/\/3riverstherapy.com\/employment\/"]}]},{"@type":"ImageObject","inLanguage":"es","@id":"https:\/\/3riverstherapy.com\/employment\/#primaryimage","url":"https:\/\/3riverstherapy.com\/wp-content\/uploads\/2026\/03\/welcome-to-the-team-768x512.webp","contentUrl":"https:\/\/3riverstherapy.com\/wp-content\/uploads\/2026\/03\/welcome-to-the-team-768x512.webp"},{"@type":"BreadcrumbList","@id":"https:\/\/3riverstherapy.com\/employment\/#breadcrumb","itemListElement":[{"@type":"ListItem","position":1,"name":"Home","item":"https:\/\/3riverstherapy.com\/"},{"@type":"ListItem","position":2,"name":"Employment"}]},{"@type":"WebSite","@id":"https:\/\/3riverstherapy.com\/#website","url":"https:\/\/3riverstherapy.com\/","name":"Terapia de los tres r\u00edos","description":"","publisher":{"@id":"https:\/\/3riverstherapy.com\/#organization"},"potentialAction":[{"@type":"SearchAction","target":{"@type":"EntryPoint","urlTemplate":"https:\/\/3riverstherapy.com\/?s={search_term_string}"},"query-input":{"@type":"PropertyValueSpecification","valueRequired":true,"valueName":"search_term_string"}}],"inLanguage":"es"},{"@type":"Organization","@id":"https:\/\/3riverstherapy.com\/#organization","name":"Terapia de los tres r\u00edos","url":"https:\/\/3riverstherapy.com\/","logo":{"@type":"ImageObject","inLanguage":"es","@id":"https:\/\/3riverstherapy.com\/#\/schema\/logo\/image\/","url":"https:\/\/3riverstherapy.com\/wp-content\/uploads\/2024\/01\/Dark-logo.webp","contentUrl":"https:\/\/3riverstherapy.com\/wp-content\/uploads\/2024\/01\/Dark-logo.webp","width":1920,"height":1920,"caption":"3 Rivers Therapy"},"image":{"@id":"https:\/\/3riverstherapy.com\/#\/schema\/logo\/image\/"},"sameAs":["https:\/\/www.facebook.com\/3riverstherapy","https:\/\/www.instagram.com\/threeriverstherapy\/"]}]}},"_links":{"self":[{"href":"https:\/\/3riverstherapy.com\/es\/wp-json\/wp\/v2\/pages\/271","targetHints":{"allow":["GET"]}}],"collection":[{"href":"https:\/\/3riverstherapy.com\/es\/wp-json\/wp\/v2\/pages"}],"about":[{"href":"https:\/\/3riverstherapy.com\/es\/wp-json\/wp\/v2\/types\/page"}],"author":[{"embeddable":true,"href":"https:\/\/3riverstherapy.com\/es\/wp-json\/wp\/v2\/users\/4"}],"replies":[{"embeddable":true,"href":"https:\/\/3riverstherapy.com\/es\/wp-json\/wp\/v2\/comments?post=271"}],"version-history":[{"count":10,"href":"https:\/\/3riverstherapy.com\/es\/wp-json\/wp\/v2\/pages\/271\/revisions"}],"predecessor-version":[{"id":3049,"href":"https:\/\/3riverstherapy.com\/es\/wp-json\/wp\/v2\/pages\/271\/revisions\/3049"}],"wp:attachment":[{"href":"https:\/\/3riverstherapy.com\/es\/wp-json\/wp\/v2\/media?parent=271"}],"curies":[{"name":"wp","href":"https:\/\/api.w.org\/{rel}","templated":true}]}}