{"id":269,"date":"2024-04-04T19:36:10","date_gmt":"2024-04-04T19:36:10","guid":{"rendered":"http:\/\/localhost:10076\/?page_id=269"},"modified":"2025-12-18T23:11:24","modified_gmt":"2025-12-18T23:11:24","slug":"patient-forms","status":"publish","type":"page","link":"https:\/\/3riverstherapy.com\/es\/patient-forms\/","title":{"rendered":"Formularios para pacientes"},"content":{"rendered":"<div data-elementor-type=\"wp-page\" data-elementor-id=\"269\" class=\"elementor elementor-269\" data-elementor-post-type=\"page\">\n\t\t\t\t<div class=\"elementor-element elementor-element-49f69c82 e-flex e-con-boxed e-con e-parent\" data-id=\"49f69c82\" data-element_type=\"container\" data-e-type=\"container\" data-settings=\"{&quot;shape_divider_bottom&quot;:&quot;wave-brush&quot;,&quot;background_background&quot;:&quot;classic&quot;}\">\n\t\t\t\t\t<div class=\"e-con-inner\">\n\t\t\t\t<div class=\"elementor-shape elementor-shape-bottom\" aria-hidden=\"true\" data-negative=\"false\">\n\t\t\t<svg xmlns=\"http:\/\/www.w3.org\/2000\/svg\" viewbox=\"0 0 283.5 27.8\" preserveaspectratio=\"none\">\n\t<path class=\"elementor-shape-fill\" d=\"M283.5,9.7c0,0-7.3,4.3-14,4.6c-6.8,0.3-12.6,0-20.9-1.5c-11.3-2-33.1-10.1-44.7-5.7\ts-12.1,4.6-18,7.4c-6.6,3.2-20,9.6-36.6,9.3C131.6,23.5,99.5,7.2,86.3,8c-1.4,0.1-6.6,0.8-10.5,2c-3.8,1.2-9.4,3.8-17,4.7\tc-3.2,0.4-8.3,1.1-14.2,0.9c-1.5-0.1-6.3-0.4-12-1.6c-5.7-1.2-11-3.1-15.8-3.7C6.5,9.2,0,10.8,0,10.8V0h283.5V9.7z M260.8,11.3\tc-0.7-1-2-0.4-4.3-0.4c-2.3,0-6.1-1.2-5.8-1.1c0.3,0.1,3.1,1.5,6,1.9C259.7,12.2,261.4,12.3,260.8,11.3z M242.4,8.6\tc0,0-2.4-0.2-5.6-0.9c-3.2-0.8-10.3-2.8-15.1-3.5c-8.2-1.1-15.8,0-15.1,0.1c0.8,0.1,9.6-0.6,17.6,1.1c3.3,0.7,9.3,2.2,12.4,2.7\tC239.9,8.7,242.4,8.6,242.4,8.6z M185.2,8.5c1.7-0.7-13.3,4.7-18.5,6.1c-2.1,0.6-6.2,1.6-10,2c-3.9,0.4-8.9,0.4-8.8,0.5\tc0,0.2,5.8,0.8,11.2,0c5.4-0.8,5.2-1.1,7.6-1.6C170.5,14.7,183.5,9.2,185.2,8.5z M199.1,6.9c0.2,0-0.8-0.4-4.8,1.1\tc-4,1.5-6.7,3.5-6.9,3.7c-0.2,0.1,3.5-1.8,6.6-3C197,7.5,199,6.9,199.1,6.9z M283,6c-0.1,0.1-1.9,1.1-4.8,2.5s-6.9,2.8-6.7,2.7\tc0.2,0,3.5-0.6,7.4-2.5C282.8,6.8,283.1,5.9,283,6z M31.3,11.6c0.1-0.2-1.9-0.2-4.5-1.2s-5.4-1.6-7.8-2C15,7.6,7.3,8.5,7.7,8.6\tC8,8.7,15.9,8.3,20.2,9.3c2.2,0.5,2.4,0.5,5.7,1.6S31.2,11.9,31.3,11.6z M73,9.2c0.4-0.1,3.5-1.6,8.4-2.6c4.9-1.1,8.9-0.5,8.9-0.8\tc0-0.3-1-0.9-6.2-0.3S72.6,9.3,73,9.2z M71.6,6.7C71.8,6.8,75,5.4,77.3,5c2.3-0.3,1.9-0.5,1.9-0.6c0-0.1-1.1-0.2-2.7,0.2\tC74.8,5.1,71.4,6.6,71.6,6.7z M93.6,4.4c0.1,0.2,3.5,0.8,5.6,1.8c2.1,1,1.8,0.6,1.9,0.5c0.1-0.1-0.8-0.8-2.4-1.3\tC97.1,4.8,93.5,4.2,93.6,4.4z M65.4,11.1c-0.1,0.3,0.3,0.5,1.9-0.2s2.6-1.3,2.2-1.2s-0.9,0.4-2.5,0.8C65.3,10.9,65.5,10.8,65.4,11.1\tz M34.5,12.4c-0.2,0,2.1,0.8,3.3,0.9c1.2,0.1,2,0.1,2-0.2c0-0.3-0.1-0.5-1.6-0.4C36.6,12.8,34.7,12.4,34.5,12.4z M152.2,21.1\tc-0.1,0.1-2.4-0.3-7.5-0.3c-5,0-13.6-2.4-17.2-3.5c-3.6-1.1,10,3.9,16.5,4.1C150.5,21.6,152.3,21,152.2,21.1z\"\/>\n\t<path class=\"elementor-shape-fill\" d=\"M269.6,18c-0.1-0.1-4.6,0.3-7.2,0c-7.3-0.7-17-3.2-16.6-2.9c0.4,0.3,13.7,3.1,17,3.3\tC267.7,18.8,269.7,18,269.6,18z\"\/>\n\t<path class=\"elementor-shape-fill\" d=\"M227.4,9.8c-0.2-0.1-4.5-1-9.5-1.2c-5-0.2-12.7,0.6-12.3,0.5c0.3-0.1,5.9-1.8,13.3-1.2\tS227.6,9.9,227.4,9.8z\"\/>\n\t<path class=\"elementor-shape-fill\" d=\"M204.5,13.4c-0.1-0.1,2-1,3.2-1.1c1.2-0.1,2,0,2,0.3c0,0.3-0.1,0.5-1.6,0.4\tC206.4,12.9,204.6,13.5,204.5,13.4z\"\/>\n\t<path class=\"elementor-shape-fill\" d=\"M201,10.6c0-0.1-4.4,1.2-6.3,2.2c-1.9,0.9-6.2,3.1-6.1,3.1c0.1,0.1,4.2-1.6,6.3-2.6\tS201,10.7,201,10.6z\"\/>\n\t<path class=\"elementor-shape-fill\" d=\"M154.5,26.7c-0.1-0.1-4.6,0.3-7.2,0c-7.3-0.7-17-3.2-16.6-2.9c0.4,0.3,13.7,3.1,17,3.3\tC152.6,27.5,154.6,26.8,154.5,26.7z\"\/>\n\t<path class=\"elementor-shape-fill\" d=\"M41.9,19.3c0,0,1.2-0.3,2.9-0.1c1.7,0.2,5.8,0.9,8.2,0.7c4.2-0.4,7.4-2.7,7-2.6\tc-0.4,0-4.3,2.2-8.6,1.9c-1.8-0.1-5.1-0.5-6.7-0.4S41.9,19.3,41.9,19.3z\"\/>\n\t<path class=\"elementor-shape-fill\" d=\"M75.5,12.6c0.2,0.1,2-0.8,4.3-1.1c2.3-0.2,2.1-0.3,2.1-0.5c0-0.1-1.8-0.4-3.4,0\tC76.9,11.5,75.3,12.5,75.5,12.6z\"\/>\n\t<path class=\"elementor-shape-fill\" d=\"M15.6,13.2c0-0.1,4.3,0,6.7,0.5c2.4,0.5,5,1.9,5,2c0,0.1-2.7-0.8-5.1-1.4\tC19.9,13.7,15.7,13.3,15.6,13.2z\"\/>\n<\/svg>\t\t<\/div>\n\t\t\t\t\t<\/div>\n\t\t\t\t<\/div>\n\t\t<div class=\"elementor-element elementor-element-dc94331 e-flex e-con-boxed e-con e-parent\" data-id=\"dc94331\" data-element_type=\"container\" data-e-type=\"container\">\n\t\t\t\t\t<div class=\"e-con-inner\">\n\t\t\t\t<div class=\"elementor-element elementor-element-ed7a433 elementor-widget elementor-widget-heading\" data-id=\"ed7a433\" data-element_type=\"widget\" data-e-type=\"widget\" data-widget_type=\"heading.default\">\n\t\t\t\t<div class=\"elementor-widget-container\">\n\t\t\t\t\t<h2 class=\"elementor-heading-title elementor-size-default\">Antes de su admisi\u00f3n en Three Rivers Therapy, recibir\u00e1 la documentaci\u00f3n de admisi\u00f3n por correo electr\u00f3nico a trav\u00e9s de PandaDoc. Si tiene alg\u00fan problema para enviar los formularios o no los ha recibido, comun\u00edquese con nuestra oficina al 509-378-5553. Gracias.<\/h2>\t\t\t\t<\/div>\n\t\t\t\t<\/div>\n\t\t\t\t\t<\/div>\n\t\t\t\t<\/div>\n\t\t<div class=\"elementor-element elementor-element-3dcdb3d e-flex e-con-boxed e-con e-parent\" data-id=\"3dcdb3d\" data-element_type=\"container\" data-e-type=\"container\">\n\t\t\t\t\t<div class=\"e-con-inner\">\n\t\t\t\t<div class=\"elementor-element elementor-element-c174ca1 elementor-widget elementor-widget-text-editor\" data-id=\"c174ca1\" data-element_type=\"widget\" data-e-type=\"widget\" data-widget_type=\"text-editor.default\">\n\t\t\t\t<div class=\"elementor-widget-container\">\n\t\t\t\t\t\t\t\t\t<ul><li><a href=\"https:\/\/3riverstherapy.com\/wp-content\/uploads\/2025\/06\/hipaa-notice-of-privacy-practices-.pdf\" target=\"_blank\" rel=\"noopener\">Aviso sobre pr\u00e1cticas de privacidad de la HIPAA para 2024\/2025<\/a><\/li><li><a href=\"https:\/\/3riverstherapy.com\/wp-content\/uploads\/2025\/01\/client-rights-statement.pdf\" target=\"_blank\" rel=\"noopener\">declaraci\u00f3n de derechos del cliente<\/a><\/li><\/ul>\t\t\t\t\t\t\t\t<\/div>\n\t\t\t\t<\/div>\n\t\t\t\t\t<\/div>\n\t\t\t\t<\/div>\n\t\t\t\t<\/div>","protected":false},"excerpt":{"rendered":"<p>Antes de su admisi\u00f3n en Three Rivers Therapy, recibir\u00e1 la documentaci\u00f3n de admisi\u00f3n por correo electr\u00f3nico a trav\u00e9s de PandaDoc. Si tiene alg\u00fan problema para enviar los formularios o no los ha recibido, p\u00f3ngase en contacto con nuestra oficina en el 509-378-5553. Gracias. 2024\/2025 Aviso de pr\u00e1cticas de privacidad de la HIPAA Declaraci\u00f3n de derechos del cliente<\/p>","protected":false},"author":4,"featured_media":0,"parent":0,"menu_order":5,"comment_status":"closed","ping_status":"closed","template":"","meta":{"content-type":"","footnotes":""},"class_list":["post-269","page","type-page","status-publish","hentry"],"yoast_head":"<!-- This site is optimized with the Yoast SEO plugin v27.5 - https:\/\/yoast.com\/product\/yoast-seo-wordpress\/ -->\n<title>Patient Forms - 3 Rivers Therapy<\/title>\n<meta name=\"robots\" content=\"index, follow, max-snippet:-1, max-image-preview:large, max-video-preview:-1\" \/>\n<link rel=\"canonical\" href=\"https:\/\/3riverstherapy.com\/es\/patient-forms\/\" \/>\n<meta property=\"og:locale\" content=\"es_MX\" \/>\n<meta property=\"og:type\" content=\"article\" \/>\n<meta property=\"og:title\" content=\"Patient Forms - 3 Rivers Therapy\" \/>\n<meta property=\"og:description\" content=\"Before your intake with Three Rivers Therapy, you will receive your intake paperwork via email through PandaDoc. If you encounter any issues submitting the forms or have not received them, please contact our office at 509-378-5553. Thank you. 2024\/2025 hipaa notice of privacy practices client rights statement\" \/>\n<meta property=\"og:url\" content=\"https:\/\/3riverstherapy.com\/es\/patient-forms\/\" \/>\n<meta property=\"og:site_name\" content=\"3 Rivers Therapy\" \/>\n<meta property=\"article:publisher\" content=\"https:\/\/www.facebook.com\/3riverstherapy\" \/>\n<meta property=\"article:modified_time\" content=\"2025-12-18T23:11:24+00:00\" \/>\n<meta name=\"twitter:card\" content=\"summary_large_image\" \/>\n<meta name=\"twitter:label1\" content=\"Tiempo de lectura\" \/>\n\t<meta name=\"twitter:data1\" content=\"1 minuto\" \/>\n<script type=\"application\/ld+json\" class=\"yoast-schema-graph\">{\"@context\":\"https:\\\/\\\/schema.org\",\"@graph\":[{\"@type\":\"WebPage\",\"@id\":\"https:\\\/\\\/3riverstherapy.com\\\/patient-forms\\\/\",\"url\":\"https:\\\/\\\/3riverstherapy.com\\\/patient-forms\\\/\",\"name\":\"Patient Forms - 3 Rivers Therapy\",\"isPartOf\":{\"@id\":\"https:\\\/\\\/3riverstherapy.com\\\/#website\"},\"datePublished\":\"2024-04-04T19:36:10+00:00\",\"dateModified\":\"2025-12-18T23:11:24+00:00\",\"breadcrumb\":{\"@id\":\"https:\\\/\\\/3riverstherapy.com\\\/patient-forms\\\/#breadcrumb\"},\"inLanguage\":\"es\",\"potentialAction\":[{\"@type\":\"ReadAction\",\"target\":[\"https:\\\/\\\/3riverstherapy.com\\\/patient-forms\\\/\"]}]},{\"@type\":\"BreadcrumbList\",\"@id\":\"https:\\\/\\\/3riverstherapy.com\\\/patient-forms\\\/#breadcrumb\",\"itemListElement\":[{\"@type\":\"ListItem\",\"position\":1,\"name\":\"Home\",\"item\":\"https:\\\/\\\/3riverstherapy.com\\\/\"},{\"@type\":\"ListItem\",\"position\":2,\"name\":\"Patient Forms\"}]},{\"@type\":\"WebSite\",\"@id\":\"https:\\\/\\\/3riverstherapy.com\\\/#website\",\"url\":\"https:\\\/\\\/3riverstherapy.com\\\/\",\"name\":\"3 Rivers Therapy\",\"description\":\"\",\"publisher\":{\"@id\":\"https:\\\/\\\/3riverstherapy.com\\\/#organization\"},\"potentialAction\":[{\"@type\":\"SearchAction\",\"target\":{\"@type\":\"EntryPoint\",\"urlTemplate\":\"https:\\\/\\\/3riverstherapy.com\\\/?s={search_term_string}\"},\"query-input\":{\"@type\":\"PropertyValueSpecification\",\"valueRequired\":true,\"valueName\":\"search_term_string\"}}],\"inLanguage\":\"es\"},{\"@type\":\"Organization\",\"@id\":\"https:\\\/\\\/3riverstherapy.com\\\/#organization\",\"name\":\"3 Rivers Therapy\",\"url\":\"https:\\\/\\\/3riverstherapy.com\\\/\",\"logo\":{\"@type\":\"ImageObject\",\"inLanguage\":\"es\",\"@id\":\"https:\\\/\\\/3riverstherapy.com\\\/#\\\/schema\\\/logo\\\/image\\\/\",\"url\":\"https:\\\/\\\/3riverstherapy.com\\\/wp-content\\\/uploads\\\/2024\\\/01\\\/Dark-logo.webp\",\"contentUrl\":\"https:\\\/\\\/3riverstherapy.com\\\/wp-content\\\/uploads\\\/2024\\\/01\\\/Dark-logo.webp\",\"width\":1920,\"height\":1920,\"caption\":\"3 Rivers Therapy\"},\"image\":{\"@id\":\"https:\\\/\\\/3riverstherapy.com\\\/#\\\/schema\\\/logo\\\/image\\\/\"},\"sameAs\":[\"https:\\\/\\\/www.facebook.com\\\/3riverstherapy\",\"https:\\\/\\\/www.instagram.com\\\/threeriverstherapy\\\/\"]}]}<\/script>\n<!-- \/ Yoast SEO plugin. -->","yoast_head_json":{"title":"Formularios para pacientes - 3 Rivers Therapy","robots":{"index":"index","follow":"follow","max-snippet":"max-snippet:-1","max-image-preview":"max-image-preview:large","max-video-preview":"max-video-preview:-1"},"canonical":"https:\/\/3riverstherapy.com\/es\/patient-forms\/","og_locale":"es_MX","og_type":"article","og_title":"Patient Forms - 3 Rivers Therapy","og_description":"Before your intake with Three Rivers Therapy, you will receive your intake paperwork via email through PandaDoc. If you encounter any issues submitting the forms or have not received them, please contact our office at 509-378-5553. Thank you. 2024\/2025 hipaa notice of privacy practices client rights statement","og_url":"https:\/\/3riverstherapy.com\/es\/patient-forms\/","og_site_name":"3 Rivers Therapy","article_publisher":"https:\/\/www.facebook.com\/3riverstherapy","article_modified_time":"2025-12-18T23:11:24+00:00","twitter_card":"summary_large_image","twitter_misc":{"Tiempo de lectura":"1 minuto"},"schema":{"@context":"https:\/\/schema.org","@graph":[{"@type":"WebPage","@id":"https:\/\/3riverstherapy.com\/patient-forms\/","url":"https:\/\/3riverstherapy.com\/patient-forms\/","name":"Formularios para pacientes - 3 Rivers Therapy","isPartOf":{"@id":"https:\/\/3riverstherapy.com\/#website"},"datePublished":"2024-04-04T19:36:10+00:00","dateModified":"2025-12-18T23:11:24+00:00","breadcrumb":{"@id":"https:\/\/3riverstherapy.com\/patient-forms\/#breadcrumb"},"inLanguage":"es","potentialAction":[{"@type":"ReadAction","target":["https:\/\/3riverstherapy.com\/patient-forms\/"]}]},{"@type":"BreadcrumbList","@id":"https:\/\/3riverstherapy.com\/patient-forms\/#breadcrumb","itemListElement":[{"@type":"ListItem","position":1,"name":"Home","item":"https:\/\/3riverstherapy.com\/"},{"@type":"ListItem","position":2,"name":"Patient Forms"}]},{"@type":"WebSite","@id":"https:\/\/3riverstherapy.com\/#website","url":"https:\/\/3riverstherapy.com\/","name":"Terapia de los tres r\u00edos","description":"","publisher":{"@id":"https:\/\/3riverstherapy.com\/#organization"},"potentialAction":[{"@type":"SearchAction","target":{"@type":"EntryPoint","urlTemplate":"https:\/\/3riverstherapy.com\/?s={search_term_string}"},"query-input":{"@type":"PropertyValueSpecification","valueRequired":true,"valueName":"search_term_string"}}],"inLanguage":"es"},{"@type":"Organization","@id":"https:\/\/3riverstherapy.com\/#organization","name":"Terapia de los tres r\u00edos","url":"https:\/\/3riverstherapy.com\/","logo":{"@type":"ImageObject","inLanguage":"es","@id":"https:\/\/3riverstherapy.com\/#\/schema\/logo\/image\/","url":"https:\/\/3riverstherapy.com\/wp-content\/uploads\/2024\/01\/Dark-logo.webp","contentUrl":"https:\/\/3riverstherapy.com\/wp-content\/uploads\/2024\/01\/Dark-logo.webp","width":1920,"height":1920,"caption":"3 Rivers Therapy"},"image":{"@id":"https:\/\/3riverstherapy.com\/#\/schema\/logo\/image\/"},"sameAs":["https:\/\/www.facebook.com\/3riverstherapy","https:\/\/www.instagram.com\/threeriverstherapy\/"]}]}},"_links":{"self":[{"href":"https:\/\/3riverstherapy.com\/es\/wp-json\/wp\/v2\/pages\/269","targetHints":{"allow":["GET"]}}],"collection":[{"href":"https:\/\/3riverstherapy.com\/es\/wp-json\/wp\/v2\/pages"}],"about":[{"href":"https:\/\/3riverstherapy.com\/es\/wp-json\/wp\/v2\/types\/page"}],"author":[{"embeddable":true,"href":"https:\/\/3riverstherapy.com\/es\/wp-json\/wp\/v2\/users\/4"}],"replies":[{"embeddable":true,"href":"https:\/\/3riverstherapy.com\/es\/wp-json\/wp\/v2\/comments?post=269"}],"version-history":[{"count":0,"href":"https:\/\/3riverstherapy.com\/es\/wp-json\/wp\/v2\/pages\/269\/revisions"}],"wp:attachment":[{"href":"https:\/\/3riverstherapy.com\/es\/wp-json\/wp\/v2\/media?parent=269"}],"curies":[{"name":"wp","href":"https:\/\/api.w.org\/{rel}","templated":true}]}}