{"id":1159,"date":"2024-10-31T16:49:34","date_gmt":"2024-10-31T16:49:34","guid":{"rendered":"https:\/\/3riverstherapy.com\/?page_id=1159"},"modified":"2026-03-21T13:38:49","modified_gmt":"2026-03-21T13:38:49","slug":"insurance-we-accept","status":"publish","type":"page","link":"https:\/\/3riverstherapy.com\/es\/insurance-we-accept\/","title":{"rendered":"Seguros que aceptamos"},"content":{"rendered":"<div data-elementor-type=\"wp-page\" data-elementor-id=\"1159\" class=\"elementor elementor-1159\" data-elementor-post-type=\"page\">\n\t\t\t\t<div class=\"elementor-element elementor-element-af9d38f e-flex e-con-boxed e-con e-parent\" data-id=\"af9d38f\" data-element_type=\"container\" data-e-type=\"container\">\n\t\t\t\t\t<div class=\"e-con-inner\">\n\t\t\t\t<div class=\"elementor-element elementor-element-5307c03 elementor-widget elementor-widget-html\" data-id=\"5307c03\" data-element_type=\"widget\" data-e-type=\"widget\" data-widget_type=\"html.default\">\n\t\t\t\t<div class=\"elementor-widget-container\">\n\t\t\t\t\t<style>\n  *, *::before, *::after { box-sizing: border-box; margin: 0; padding: 0; }\n\n  .trt-ip-section {\n    background-color: #1D3C3A;\n    padding: 80px 40px;\n    font-family: 'Inter', sans-serif;\n  }\n  .trt-ip-inner {\n    max-width: 1100px;\n    margin: 0 auto;\n  }\n  .trt-ip-header {\n    text-align: center;\n    margin-bottom: 52px;\n  }\n  .trt-ip-eyebrow {\n    display: inline-block;\n    font-family: 'Inter', sans-serif;\n    font-size: 11px;\n    font-weight: 700;\n    letter-spacing: 0.16em;\n    text-transform: uppercase;\n    color: #6B9E8A;\n    margin-bottom: 16px;\n  }\n  .trt-ip-heading {\n    font-family: 'Lora', serif;\n    font-size: 42px;\n    font-weight: 700;\n    font-style: italic;\n    line-height: 1.12;\n    color: #F5F3EE;\n    margin-bottom: 18px;\n  }\n  .trt-ip-heading span { color: #4F7FA6; }\n  .trt-ip-subtext {\n    font-family: 'Lora', serif;\n    font-size: 16px;\n    line-height: 1.7;\n    color: rgba(245,243,238,0.72);\n    max-width: 580px;\n    margin: 0 auto 24px;\n  }\n  .trt-ip-divider {\n    width: 48px;\n    height: 4px;\n    background-color: #4F7FA6;\n    border-radius: 2px;\n    margin: 0 auto;\n  }\n  .trt-ip-grid {\n    display: grid;\n    grid-template-columns: repeat(5, 1fr);\n    gap: 16px;\n    margin-bottom: 40px;\n  }\n  .trt-ip-card {\n    background-color: #ffffff;\n    border-radius: 14px;\n    padding: 28px 12px 22px;\n    display: flex;\n    flex-direction: column;\n    align-items: center;\n    justify-content: center;\n    text-align: center;\n    gap: 6px;\n    min-height: 100px;\n    position: relative;\n    overflow: hidden;\n  }\n  .trt-ip-card-name {\n    font-family: 'Inter', sans-serif;\n    font-weight: 900;\n    line-height: 1.1;\n    display: block;\n  }\n  .trt-ip-card-sub {\n    font-family: 'Inter', sans-serif;\n    font-size: 9px;\n    font-weight: 600;\n    letter-spacing: 0.1em;\n    text-transform: uppercase;\n    display: block;\n    opacity: 0.65;\n  }\n  .trt-ip-check {\n    width: 22px;\n    height: 22px;\n    border-radius: 50%;\n    background-color: #6B9E8A;\n    display: flex;\n    align-items: center;\n    justify-content: center;\n    margin-bottom: 4px;\n    flex-shrink: 0;\n  }\n  .trt-ip-check::before {\n    content: '\u2713';\n    color: #ffffff;\n    font-size: 12px;\n    font-weight: 700;\n    line-height: 1;\n  }\n  .trt-ip-cta {\n    font-family: 'Lora', serif;\n    text-align: center;\n    font-size: 15px;\n    color: rgba(245,243,238,0.65);\n    line-height: 1.6;\n  }\n  .trt-ip-cta strong { color: #F5F3EE; font-weight: 700; }\n  .trt-ip-cta a { color: #4F7FA6; font-weight: 700; text-decoration: none; }\n\n  @media (max-width: 960px) {\n    .trt-ip-grid { grid-template-columns: repeat(4, 1fr); }\n    .trt-ip-heading { font-size: 34px; }\n  }\n  @media (max-width: 680px) {\n    .trt-ip-section { padding: 56px 20px; }\n    .trt-ip-grid { grid-template-columns: repeat(3, 1fr); gap: 12px; }\n    .trt-ip-heading { font-size: 28px; }\n  }\n  @media (max-width: 440px) {\n    .trt-ip-grid { grid-template-columns: repeat(2, 1fr); }\n  }\n<\/style>\n\n<link href=\"https:\/\/fonts.googleapis.com\/css2?family=Lora:ital,wght@0,400;0,600;0,700;1,400;1,600;1,700&family=Inter:wght@400;600;700;800;900&display=swap\" rel=\"stylesheet\">\n\n<section class=\"trt-ip-section\">\n  <div class=\"trt-ip-inner\">\n\n    <div class=\"trt-ip-header\">\n      <span class=\"trt-ip-eyebrow\">Seguros aceptados<\/span>\n      <h1 class=\"trt-ip-heading\">Trabajamos con su <span>Seguro<\/span><\/h1>\n      <p class=\"trt-ip-subtext\">Recibir la atenci\u00f3n de salud conductual que necesita no deber\u00eda ser una carga financiera. Aceptamos la mayor\u00eda de los principales planes de seguro y Medicaid para que pueda enfocarse en lo que m\u00e1s importa.<\/p>\n      <div class=\"trt-ip-divider\"><\/div>\n    <\/div>\n\n    <div class=\"trt-ip-grid\">\n\n      <div class=\"trt-ip-card\">\n        <div class=\"trt-ip-check\"><\/div>\n        <span class=\"trt-ip-card-name\" style=\"color:#0076CF; font-size:15px;\">Premera<\/span>\n        <span class=\"trt-ip-card-sub\" style=\"color:#0076CF;\">Cruz Azul<\/span>\n        <div style=\"position:absolute;bottom:0;left:0;right:0;height:4px;background-color:#0076CF;\"><\/div>\n      <\/div>\n\n      <div class=\"trt-ip-card\">\n        <div class=\"trt-ip-check\"><\/div>\n        <span class=\"trt-ip-card-name\" style=\"color:#7B2D8B; font-size:18px;\">Aetna<\/span>\n        <div style=\"position:absolute;bottom:0;left:0;right:0;height:4px;background-color:#7B2D8B;\"><\/div>\n      <\/div>\n\n      <div class=\"trt-ip-card\">\n        <div class=\"trt-ip-check\"><\/div>\n        <span class=\"trt-ip-card-name\" style=\"color:#003087; font-size:13px; letter-spacing:0.06em;\">TRICARE<\/span>\n        <span class=\"trt-ip-card-sub\" style=\"color:#C8102E;\">Salud militar<\/span>\n        <div style=\"position:absolute;bottom:0;left:0;right:0;height:4px;background-color:#003087;\"><\/div>\n      <\/div>\n\n      <div class=\"trt-ip-card\">\n        <div class=\"trt-ip-check\"><\/div>\n        <span class=\"trt-ip-card-name\" style=\"color:#0087CD; font-size:16px;\">Asuris<\/span>\n        <div style=\"position:absolute;bottom:0;left:0;right:0;height:4px;background-color:#0087CD;\"><\/div>\n      <\/div>\n\n      <div class=\"trt-ip-card\">\n        <div class=\"trt-ip-check\"><\/div>\n        <span class=\"trt-ip-card-name\" style=\"color:#00539B; font-size:15px; letter-spacing:0.05em;\">CHPW<\/span>\n        <div style=\"position:absolute;bottom:0;left:0;right:0;height:4px;background-color:#00539B;\"><\/div>\n      <\/div>\n\n      <div class=\"trt-ip-card\">\n        <div class=\"trt-ip-check\"><\/div>\n        <span class=\"trt-ip-card-name\" style=\"color:#006298; font-size:19px;\">Cigna<\/span>\n        <div style=\"position:absolute;bottom:0;left:0;right:0;height:4px;background-color:#006298;\"><\/div>\n      <\/div>\n\n      <div class=\"trt-ip-card\">\n        <div class=\"trt-ip-check\"><\/div>\n        <span class=\"trt-ip-card-name\" style=\"color:#D62B2B; font-size:13px;\">Coordinado<\/span>\n        <span class=\"trt-ip-card-sub\" style=\"color:#D62B2B;\">Cuidado<\/span>\n        <div style=\"position:absolute;bottom:0;left:0;right:0;height:4px;background-color:#D62B2B;\"><\/div>\n      <\/div>\n\n      <div class=\"trt-ip-card\">\n        <div class=\"trt-ip-check\"><\/div>\n        <span class=\"trt-ip-card-name\" style=\"color:#00756A; font-size:14px;\">Kaiser<\/span>\n        <span class=\"trt-ip-card-sub\" style=\"color:#00756A;\">Permanente<\/span>\n        <div style=\"position:absolute;bottom:0;left:0;right:0;height:4px;background-color:#00756A;\"><\/div>\n      <\/div>\n\n      <div class=\"trt-ip-card\">\n        <div class=\"trt-ip-check\"><\/div>\n        <span class=\"trt-ip-card-name\" style=\"color:#003087; font-size:15px;\">Regencia<\/span>\n        <div style=\"position:absolute;bottom:0;left:0;right:0;height:4px;background-color:#003087;\"><\/div>\n      <\/div>\n\n      <div class=\"trt-ip-card\">\n        <div class=\"trt-ip-check\"><\/div>\n        <span class=\"trt-ip-card-name\" style=\"color:#286DC0; font-size:14px;\">Wellpoint<\/span>\n        <div style=\"position:absolute;bottom:0;left:0;right:0;height:4px;background-color:#286DC0;\"><\/div>\n      <\/div>\n\n    <\/div>\n\n    <p class=\"trt-ip-cta\">\n      <strong>\u00bfNo encuentra su seguro en la lista?<\/strong> Ll\u00e1menos, es posible que a\u00fan podamos ayudarle. <a href=\"tel:\">Comun\u00edquese con nuestra oficina hoy mismo.<\/a>\n    <\/p>\n\n  <\/div>\n<\/section>\t\t\t\t<\/div>\n\t\t\t\t<\/div>\n\t\t\t\t\t<\/div>\n\t\t\t\t<\/div>\n\t\t<div class=\"elementor-element elementor-element-1c8b40b e-flex e-con-boxed e-con e-parent\" data-id=\"1c8b40b\" data-element_type=\"container\" data-e-type=\"container\" data-settings=\"{&quot;background_background&quot;:&quot;classic&quot;}\">\n\t\t\t\t\t<div class=\"e-con-inner\">\n\t\t<div class=\"elementor-element elementor-element-769b052 e-con-full e-flex e-con e-child\" data-id=\"769b052\" data-element_type=\"container\" data-e-type=\"container\">\n\t\t\t\t<div class=\"elementor-element elementor-element-61e4d9c elementor-widget elementor-widget-heading\" data-id=\"61e4d9c\" data-element_type=\"widget\" data-e-type=\"widget\" data-widget_type=\"heading.default\">\n\t\t\t\t<div class=\"elementor-widget-container\">\n\t\t\t\t\t<h2 class=\"elementor-heading-title elementor-size-default\">Pagos<\/h2>\t\t\t\t<\/div>\n\t\t\t\t<\/div>\n\t\t\t\t<div class=\"elementor-element elementor-element-9322090 elementor-widget elementor-widget-text-editor\" data-id=\"9322090\" data-element_type=\"widget\" data-e-type=\"widget\" data-widget_type=\"text-editor.default\">\n\t\t\t\t<div class=\"elementor-widget-container\">\n\t\t\t\t\t\t\t\t\tLos copagos deben abonarse en el momento de recibir el servicio. Los pagos pueden realizarse mediante cheque, VISA o Mastercard. Si se devuelve un cheque, se podr\u00e1 aplicar una tarifa de $35.\t\t\t\t\t\t\t\t<\/div>\n\t\t\t\t<\/div>\n\t\t\t\t<div class=\"elementor-element elementor-element-b876f9c elementor-widget elementor-widget-heading\" data-id=\"b876f9c\" data-element_type=\"widget\" data-e-type=\"widget\" data-widget_type=\"heading.default\">\n\t\t\t\t<div class=\"elementor-widget-container\">\n\t\t\t\t\t<h2 class=\"elementor-heading-title elementor-size-default\">gastos de cancelaci\u00f3n<\/h2>\t\t\t\t<\/div>\n\t\t\t\t<\/div>\n\t\t\t\t<div class=\"elementor-element elementor-element-9b1f00d elementor-widget elementor-widget-text-editor\" data-id=\"9b1f00d\" data-element_type=\"widget\" data-e-type=\"widget\" data-widget_type=\"text-editor.default\">\n\t\t\t\t<div class=\"elementor-widget-container\">\n\t\t\t\t\t\t\t\t\t<p>Su proveedor reserva la hora de su cita programada para asegurarse de estar disponible para atenderlo. Por favor, programe sus citas para fechas y horas en las que sepa que estar\u00e1 disponible. Si necesita cancelar una cita, le pedimos que lo haga con al menos 24 horas de anticipaci\u00f3n para que podamos ofrecer esa fecha y hora a otros pacientes que necesiten ser atendidos. Si no acude a dos citas programadas en un periodo de 60 d\u00edas y no se pone en contacto con nuestra oficina con 24 horas de antelaci\u00f3n, se cancelar\u00e1n todas las citas futuras. Nuestra oficina le enviar\u00e1 una carta de alta por correo y se le pedir\u00e1 que vuelva a solicitar la atenci\u00f3n si necesita servicios adicionales de salud conductual. Nuestro centro ofrece una opci\u00f3n automatizada de mensajes de texto o llamadas para recordarle sus citas. Es su responsabilidad ponerse en contacto con nuestra oficina por tel\u00e9fono (<a href=\"tel:509-378-5553\">509-378-5553<\/a>) si necesita cancelar o reprogramar alguna de sus citas.<\/p>\t\t\t\t\t\t\t\t<\/div>\n\t\t\t\t<\/div>\n\t\t\t\t<\/div>\n\t\t<div class=\"elementor-element elementor-element-11bbfec e-con-full e-flex e-con e-child\" data-id=\"11bbfec\" data-element_type=\"container\" data-e-type=\"container\">\n\t\t\t\t<div class=\"elementor-element elementor-element-f52009f elementor-widget elementor-widget-image\" data-id=\"f52009f\" data-element_type=\"widget\" data-e-type=\"widget\" data-widget_type=\"image.default\">\n\t\t\t\t<div class=\"elementor-widget-container\">\n\t\t\t\t\t\t\t\t\t\t\t\t\t\t\t<img fetchpriority=\"high\" decoding=\"async\" width=\"768\" height=\"512\" src=\"https:\/\/3riverstherapy.com\/wp-content\/uploads\/2024\/10\/AdobeStock_491029977-payments-sized-768x512.jpg\" class=\"attachment-medium_large size-medium_large wp-image-1204\" alt=\"Opciones de pago para la terapia en l\u00ednea en 3 Rivers Therapy\" srcset=\"https:\/\/3riverstherapy.com\/wp-content\/uploads\/2024\/10\/AdobeStock_491029977-payments-sized-768x512.jpg 768w, https:\/\/3riverstherapy.com\/wp-content\/uploads\/2024\/10\/AdobeStock_491029977-payments-sized-300x200.jpg 300w, https:\/\/3riverstherapy.com\/wp-content\/uploads\/2024\/10\/AdobeStock_491029977-payments-sized-1024x683.jpg 1024w, https:\/\/3riverstherapy.com\/wp-content\/uploads\/2024\/10\/AdobeStock_491029977-payments-sized-1536x1024.jpg 1536w, https:\/\/3riverstherapy.com\/wp-content\/uploads\/2024\/10\/AdobeStock_491029977-payments-sized-2048x1365.jpg 2048w\" sizes=\"(max-width: 768px) 100vw, 768px\" \/>\t\t\t\t\t\t\t\t\t\t\t\t\t\t\t<\/div>\n\t\t\t\t<\/div>\n\t\t\t\t<\/div>\n\t\t\t\t\t<\/div>\n\t\t\t\t<\/div>\n\t\t\t\t<\/div>","protected":false},"excerpt":{"rendered":"<p>Accepted Insurance We Work With Your Insurance Getting the behavioral health care you need shouldn&#8217;t be a financial burden. We accept most major insurance and Medicaid plans so you can focus on what matters most. Premera Blue Cross Aetna TRICARE Military Health Asuris CHPW Cigna Coordinated Care Kaiser Permanente Regence Wellpoint Don&#8217;t see your insurance [&hellip;]<\/p>\n","protected":false},"author":6,"featured_media":0,"parent":0,"menu_order":0,"comment_status":"closed","ping_status":"closed","template":"","meta":{"content-type":"","footnotes":""},"class_list":["post-1159","page","type-page","status-publish","hentry"],"yoast_head":"<!-- This site is optimized with the Yoast SEO plugin v27.4 - https:\/\/yoast.com\/product\/yoast-seo-wordpress\/ -->\n<title>Insurance We Accept | Three Rivers Therapy Kennewick WA<\/title>\n<meta name=\"description\" content=\"Three Rivers Therapy accepts Premera, Aetna, Cigna, Kaiser, TRICARE, Medicaid &amp; more in Kennewick, WA. Don&#039;t see your plan? Call us \u2014 we may still be able to help.\" \/>\n<meta name=\"robots\" content=\"index, follow, max-snippet:-1, max-image-preview:large, max-video-preview:-1\" \/>\n<link rel=\"canonical\" href=\"https:\/\/3riverstherapy.com\/es\/insurance-we-accept\/\" \/>\n<meta property=\"og:locale\" content=\"es_MX\" \/>\n<meta property=\"og:type\" content=\"article\" \/>\n<meta property=\"og:title\" content=\"Insurance We Accept | Three Rivers Therapy Kennewick WA\" \/>\n<meta property=\"og:description\" content=\"Three Rivers Therapy accepts Premera, Aetna, Cigna, Kaiser, TRICARE, Medicaid &amp; more in Kennewick, WA. Don&#039;t see your plan? Call us \u2014 we may still be able to help.\" \/>\n<meta property=\"og:url\" content=\"https:\/\/3riverstherapy.com\/es\/insurance-we-accept\/\" \/>\n<meta property=\"og:site_name\" content=\"3 Rivers Therapy\" \/>\n<meta property=\"article:publisher\" content=\"https:\/\/www.facebook.com\/3riverstherapy\" \/>\n<meta property=\"article:modified_time\" content=\"2026-03-21T13:38:49+00:00\" \/>\n<meta property=\"og:image\" content=\"https:\/\/3riverstherapy.com\/wp-content\/uploads\/2024\/10\/AdobeStock_491029977-payments-sized-768x512.jpg\" \/>\n<meta name=\"twitter:card\" content=\"summary_large_image\" \/>\n<meta name=\"twitter:label1\" content=\"Tiempo de lectura\" \/>\n\t<meta name=\"twitter:data1\" content=\"2 minutos\" \/>\n<script type=\"application\/ld+json\" class=\"yoast-schema-graph\">{\"@context\":\"https:\\\/\\\/schema.org\",\"@graph\":[{\"@type\":\"WebPage\",\"@id\":\"https:\\\/\\\/3riverstherapy.com\\\/insurance-we-accept\\\/\",\"url\":\"https:\\\/\\\/3riverstherapy.com\\\/insurance-we-accept\\\/\",\"name\":\"Insurance We Accept | Three Rivers Therapy Kennewick WA\",\"isPartOf\":{\"@id\":\"https:\\\/\\\/3riverstherapy.com\\\/#website\"},\"primaryImageOfPage\":{\"@id\":\"https:\\\/\\\/3riverstherapy.com\\\/insurance-we-accept\\\/#primaryimage\"},\"image\":{\"@id\":\"https:\\\/\\\/3riverstherapy.com\\\/insurance-we-accept\\\/#primaryimage\"},\"thumbnailUrl\":\"https:\\\/\\\/3riverstherapy.com\\\/wp-content\\\/uploads\\\/2024\\\/10\\\/AdobeStock_491029977-payments-sized-768x512.jpg\",\"datePublished\":\"2024-10-31T16:49:34+00:00\",\"dateModified\":\"2026-03-21T13:38:49+00:00\",\"description\":\"Three Rivers Therapy accepts Premera, Aetna, Cigna, Kaiser, TRICARE, Medicaid & more in Kennewick, WA. Don't see your plan? Call us \u2014 we may still be able to help.\",\"breadcrumb\":{\"@id\":\"https:\\\/\\\/3riverstherapy.com\\\/insurance-we-accept\\\/#breadcrumb\"},\"inLanguage\":\"es\",\"potentialAction\":[{\"@type\":\"ReadAction\",\"target\":[\"https:\\\/\\\/3riverstherapy.com\\\/insurance-we-accept\\\/\"]}]},{\"@type\":\"ImageObject\",\"inLanguage\":\"es\",\"@id\":\"https:\\\/\\\/3riverstherapy.com\\\/insurance-we-accept\\\/#primaryimage\",\"url\":\"https:\\\/\\\/3riverstherapy.com\\\/wp-content\\\/uploads\\\/2024\\\/10\\\/AdobeStock_491029977-payments-sized-768x512.jpg\",\"contentUrl\":\"https:\\\/\\\/3riverstherapy.com\\\/wp-content\\\/uploads\\\/2024\\\/10\\\/AdobeStock_491029977-payments-sized-768x512.jpg\"},{\"@type\":\"BreadcrumbList\",\"@id\":\"https:\\\/\\\/3riverstherapy.com\\\/insurance-we-accept\\\/#breadcrumb\",\"itemListElement\":[{\"@type\":\"ListItem\",\"position\":1,\"name\":\"Home\",\"item\":\"https:\\\/\\\/3riverstherapy.com\\\/\"},{\"@type\":\"ListItem\",\"position\":2,\"name\":\"Insurance we Accept\"}]},{\"@type\":\"WebSite\",\"@id\":\"https:\\\/\\\/3riverstherapy.com\\\/#website\",\"url\":\"https:\\\/\\\/3riverstherapy.com\\\/\",\"name\":\"3 Rivers Therapy\",\"description\":\"\",\"publisher\":{\"@id\":\"https:\\\/\\\/3riverstherapy.com\\\/#organization\"},\"potentialAction\":[{\"@type\":\"SearchAction\",\"target\":{\"@type\":\"EntryPoint\",\"urlTemplate\":\"https:\\\/\\\/3riverstherapy.com\\\/?s={search_term_string}\"},\"query-input\":{\"@type\":\"PropertyValueSpecification\",\"valueRequired\":true,\"valueName\":\"search_term_string\"}}],\"inLanguage\":\"es\"},{\"@type\":\"Organization\",\"@id\":\"https:\\\/\\\/3riverstherapy.com\\\/#organization\",\"name\":\"3 Rivers Therapy\",\"url\":\"https:\\\/\\\/3riverstherapy.com\\\/\",\"logo\":{\"@type\":\"ImageObject\",\"inLanguage\":\"es\",\"@id\":\"https:\\\/\\\/3riverstherapy.com\\\/#\\\/schema\\\/logo\\\/image\\\/\",\"url\":\"https:\\\/\\\/3riverstherapy.com\\\/wp-content\\\/uploads\\\/2024\\\/01\\\/Dark-logo.webp\",\"contentUrl\":\"https:\\\/\\\/3riverstherapy.com\\\/wp-content\\\/uploads\\\/2024\\\/01\\\/Dark-logo.webp\",\"width\":1920,\"height\":1920,\"caption\":\"3 Rivers Therapy\"},\"image\":{\"@id\":\"https:\\\/\\\/3riverstherapy.com\\\/#\\\/schema\\\/logo\\\/image\\\/\"},\"sameAs\":[\"https:\\\/\\\/www.facebook.com\\\/3riverstherapy\",\"https:\\\/\\\/www.instagram.com\\\/threeriverstherapy\\\/\"]}]}<\/script>\n<!-- \/ Yoast SEO plugin. -->","yoast_head_json":{"title":"Seguros que aceptamos | Three Rivers Therapy, Kennewick, WA","description":"Three Rivers Therapy acepta Premera, Aetna, Cigna, Kaiser, TRICARE, Medicaid y otras aseguradoras en Kennewick, WA. \u00bfNo ves tu plan? Ll\u00e1manos; es posible que podamos ayudarte.","robots":{"index":"index","follow":"follow","max-snippet":"max-snippet:-1","max-image-preview":"max-image-preview:large","max-video-preview":"max-video-preview:-1"},"canonical":"https:\/\/3riverstherapy.com\/es\/insurance-we-accept\/","og_locale":"es_MX","og_type":"article","og_title":"Insurance We Accept | Three Rivers Therapy Kennewick WA","og_description":"Three Rivers Therapy accepts Premera, Aetna, Cigna, Kaiser, TRICARE, Medicaid & more in Kennewick, WA. Don't see your plan? Call us \u2014 we may still be able to help.","og_url":"https:\/\/3riverstherapy.com\/es\/insurance-we-accept\/","og_site_name":"3 Rivers Therapy","article_publisher":"https:\/\/www.facebook.com\/3riverstherapy","article_modified_time":"2026-03-21T13:38:49+00:00","og_image":[{"url":"https:\/\/3riverstherapy.com\/wp-content\/uploads\/2024\/10\/AdobeStock_491029977-payments-sized-768x512.jpg","type":"","width":"","height":""}],"twitter_card":"summary_large_image","twitter_misc":{"Tiempo de lectura":"2 minutos"},"schema":{"@context":"https:\/\/schema.org","@graph":[{"@type":"WebPage","@id":"https:\/\/3riverstherapy.com\/insurance-we-accept\/","url":"https:\/\/3riverstherapy.com\/insurance-we-accept\/","name":"Seguros que aceptamos | Three Rivers Therapy, Kennewick, WA","isPartOf":{"@id":"https:\/\/3riverstherapy.com\/#website"},"primaryImageOfPage":{"@id":"https:\/\/3riverstherapy.com\/insurance-we-accept\/#primaryimage"},"image":{"@id":"https:\/\/3riverstherapy.com\/insurance-we-accept\/#primaryimage"},"thumbnailUrl":"https:\/\/3riverstherapy.com\/wp-content\/uploads\/2024\/10\/AdobeStock_491029977-payments-sized-768x512.jpg","datePublished":"2024-10-31T16:49:34+00:00","dateModified":"2026-03-21T13:38:49+00:00","description":"Three Rivers Therapy acepta Premera, Aetna, Cigna, Kaiser, TRICARE, Medicaid y otras aseguradoras en Kennewick, WA. \u00bfNo ves tu plan? Ll\u00e1manos; es posible que podamos ayudarte.","breadcrumb":{"@id":"https:\/\/3riverstherapy.com\/insurance-we-accept\/#breadcrumb"},"inLanguage":"es","potentialAction":[{"@type":"ReadAction","target":["https:\/\/3riverstherapy.com\/insurance-we-accept\/"]}]},{"@type":"ImageObject","inLanguage":"es","@id":"https:\/\/3riverstherapy.com\/insurance-we-accept\/#primaryimage","url":"https:\/\/3riverstherapy.com\/wp-content\/uploads\/2024\/10\/AdobeStock_491029977-payments-sized-768x512.jpg","contentUrl":"https:\/\/3riverstherapy.com\/wp-content\/uploads\/2024\/10\/AdobeStock_491029977-payments-sized-768x512.jpg"},{"@type":"BreadcrumbList","@id":"https:\/\/3riverstherapy.com\/insurance-we-accept\/#breadcrumb","itemListElement":[{"@type":"ListItem","position":1,"name":"Home","item":"https:\/\/3riverstherapy.com\/"},{"@type":"ListItem","position":2,"name":"Insurance we Accept"}]},{"@type":"WebSite","@id":"https:\/\/3riverstherapy.com\/#website","url":"https:\/\/3riverstherapy.com\/","name":"Terapia de los tres r\u00edos","description":"","publisher":{"@id":"https:\/\/3riverstherapy.com\/#organization"},"potentialAction":[{"@type":"SearchAction","target":{"@type":"EntryPoint","urlTemplate":"https:\/\/3riverstherapy.com\/?s={search_term_string}"},"query-input":{"@type":"PropertyValueSpecification","valueRequired":true,"valueName":"search_term_string"}}],"inLanguage":"es"},{"@type":"Organization","@id":"https:\/\/3riverstherapy.com\/#organization","name":"Terapia de los tres r\u00edos","url":"https:\/\/3riverstherapy.com\/","logo":{"@type":"ImageObject","inLanguage":"es","@id":"https:\/\/3riverstherapy.com\/#\/schema\/logo\/image\/","url":"https:\/\/3riverstherapy.com\/wp-content\/uploads\/2024\/01\/Dark-logo.webp","contentUrl":"https:\/\/3riverstherapy.com\/wp-content\/uploads\/2024\/01\/Dark-logo.webp","width":1920,"height":1920,"caption":"3 Rivers Therapy"},"image":{"@id":"https:\/\/3riverstherapy.com\/#\/schema\/logo\/image\/"},"sameAs":["https:\/\/www.facebook.com\/3riverstherapy","https:\/\/www.instagram.com\/threeriverstherapy\/"]}]}},"_links":{"self":[{"href":"https:\/\/3riverstherapy.com\/es\/wp-json\/wp\/v2\/pages\/1159","targetHints":{"allow":["GET"]}}],"collection":[{"href":"https:\/\/3riverstherapy.com\/es\/wp-json\/wp\/v2\/pages"}],"about":[{"href":"https:\/\/3riverstherapy.com\/es\/wp-json\/wp\/v2\/types\/page"}],"author":[{"embeddable":true,"href":"https:\/\/3riverstherapy.com\/es\/wp-json\/wp\/v2\/users\/6"}],"replies":[{"embeddable":true,"href":"https:\/\/3riverstherapy.com\/es\/wp-json\/wp\/v2\/comments?post=1159"}],"version-history":[{"count":10,"href":"https:\/\/3riverstherapy.com\/es\/wp-json\/wp\/v2\/pages\/1159\/revisions"}],"predecessor-version":[{"id":3048,"href":"https:\/\/3riverstherapy.com\/es\/wp-json\/wp\/v2\/pages\/1159\/revisions\/3048"}],"wp:attachment":[{"href":"https:\/\/3riverstherapy.com\/es\/wp-json\/wp\/v2\/media?parent=1159"}],"curies":[{"name":"wp","href":"https:\/\/api.w.org\/{rel}","templated":true}]}}